{"id":325788,"date":"2025-05-16T12:14:14","date_gmt":"2025-05-16T11:14:14","guid":{"rendered":"https:\/\/plateforme-dja-bernoussi.org\/?page_id=325788"},"modified":"2026-02-15T15:35:25","modified_gmt":"2026-02-15T15:35:25","slug":"menu-plus","status":"publish","type":"page","link":"https:\/\/plateforme-dja-bernoussi.org\/ar\/menu-plus\/","title":{"rendered":"\u0642\u0627\u0626\u0645\u0629 +"},"content":{"rendered":"<p>[et_pb_section fb_built=&#8221;1&#8243; _builder_version=&#8221;4.27.4&#8243; _module_preset=&#8221;default&#8221; background_color=&#8221;gcid-fc0087e2-f330-4d24-8289-99d0edd3f0fd&#8221; global_colors_info=&#8221;{%22gcid-fc0087e2-f330-4d24-8289-99d0edd3f0fd%22:%91%22background_color%22%93}&#8221;][et_pb_row column_structure=&#8221;1_4,1_4,1_4,1_4&#8243; use_custom_gutter=&#8221;on&#8221; gutter_width=&#8221;2&#8243; _builder_version=&#8221;4.27.5&#8243; _module_preset=&#8221;default&#8221; width=&#8221;1080px&#8221; max_width=&#8221;80%&#8221; hover_enabled=&#8221;0&#8243; global_colors_info=&#8221;{}&#8221; sticky_enabled=&#8221;0&#8243;][et_pb_column type=&#8221;1_4&#8243; _builder_version=&#8221;4.27.4&#8243; _module_preset=&#8221;default&#8221; global_colors_info=&#8221;{}&#8221;][et_pb_text _builder_version=&#8221;4.27.4&#8243; _dynamic_attributes=&#8221;link_option_url&#8221; _module_preset=&#8221;default&#8221; text_font=&#8221;|||on|||||&#8221; text_font_size=&#8221;15px&#8221; text_line_height=&#8221;2em&#8221; background_color=&#8221;gcid-dd7eda48-7de5-4247-b606-6a6783a180ac&#8221; display_conditions=&#8221;W3siaWQiOiJmYzQ5YTE4NC05MDBiLTQzMjktYTE4Yy1jOGRjYWI2YTNkODIiLCJjb25kaXRpb24iOiJsb2dnZWRJblN0YXR1cyIsImNvbmRpdGlvblNldHRpbmdzIjp7ImRpc3BsYXlSdWxlIjoibG9nZ2VkSW4iLCJhZG1pbkxhYmVsIjoiU3RhdHV0IGRlIGNvbm5leGlvbiIsImVuYWJsZUNvbmRpdGlvbiI6Im9uIn0sIm9wZXJhdG9yIjoiT1IifSx7ImlkIjoiZjM0MWNiYmItM2QwZC00MDM2LThjYjItNzA1NGMxZTM3YjJjIiwiY29uZGl0aW9uIjoidXNlclJvbGUiLCJjb25kaXRpb25TZXR0aW5ncyI6eyJkaXNwbGF5UnVsZSI6ImlzIiwidXNlclJvbGVzIjpbeyJsYWJlbCI6IkFkbWluaXN0cmF0b3IiLCJ2YWx1ZSI6ImFkbWluaXN0cmF0b3IifSx7ImxhYmVsIjoiRWRpdG9yIiwidmFsdWUiOiJlZGl0b3IifSx7ImxhYmVsIjoiU3Vic2NyaWJlciIsInZhbHVlIjoic3Vic2NyaWJlciJ9XSwidXNlcklkcyI6IlVzZXIgSURzIHNlcGFyYXRlZCBieSBjb21tYXMiLCJhZG1pbkxhYmVsIjoiUsO0bGUgZCYjMDM5O3V0aWxpc2F0ZXVyIiwiZW5hYmxlQ29uZGl0aW9uIjoib24ifSwib3BlcmF0b3IiOiJPUiJ9XQ==&#8221; custom_padding=&#8221;8px||8px|8px|true|false&#8221; link_option_url=&#8221;@ET-DC@eyJkeW5hbWljIjp0cnVlLCJjb250ZW50IjoicG9zdF9saW5rX3VybF9wYWdlIiwic2V0dGluZ3MiOnsicG9zdF9pZCI6IjM0NTQxOSJ9fQ==@&#8221; border_width_top=&#8221;1px&#8221; border_color_top=&#8221;#FFFFFF&#8221; border_width_right=&#8221;1px&#8221; border_color_right=&#8221;#FFFFFF&#8221; border_width_bottom=&#8221;1px&#8221; border_color_bottom=&#8221;#FFFFFF&#8221; border_width_left=&#8221;8px&#8221; border_color_left=&#8221;#a5a096&#8243; box_shadow_style=&#8221;preset3&#8243; global_colors_info=&#8221;{%22gcid-dd7eda48-7de5-4247-b606-6a6783a180ac%22:%91%22background_color__hover%22%93}&#8221; border_width_left__hover_enabled=&#8221;on|hover&#8221; border_width_left__hover=&#8221;28px&#8221;]<\/p>\n<p>Liste des inscriptions<\/p>\n<p>[\/et_pb_text][\/et_pb_column][et_pb_column type=&#8221;1_4&#8243; _builder_version=&#8221;4.27.4&#8243; _module_preset=&#8221;default&#8221; global_colors_info=&#8221;{}&#8221;][et_pb_text _builder_version=&#8221;4.27.4&#8243; _dynamic_attributes=&#8221;link_option_url&#8221; _module_preset=&#8221;default&#8221; text_font=&#8221;|||on|||||&#8221; text_text_color=&#8221;#E02B20&#8243; text_font_size=&#8221;15px&#8221; text_line_height=&#8221;2em&#8221; background_color=&#8221;gcid-dd7eda48-7de5-4247-b606-6a6783a180ac&#8221; custom_padding=&#8221;8px||8px|8px|true|false&#8221; link_option_url=&#8221;@ET-DC@eyJkeW5hbWljIjp0cnVlLCJjb250ZW50IjoicG9zdF9saW5rX3VybF9wYWdlIiwic2V0dGluZ3MiOnsicG9zdF9pZCI6IjM0NDYzMCJ9fQ==@&#8221; border_width_top=&#8221;1px&#8221; border_color_top=&#8221;#FFFFFF&#8221; border_width_right=&#8221;1px&#8221; border_color_right=&#8221;#FFFFFF&#8221; border_width_bottom=&#8221;1px&#8221; border_color_bottom=&#8221;#FFFFFF&#8221; border_width_left=&#8221;8px&#8221; border_color_left=&#8221;#a5a096&#8243; box_shadow_style=&#8221;preset3&#8243; global_colors_info=&#8221;{%22gcid-dd7eda48-7de5-4247-b606-6a6783a180ac%22:%91%22background_color__hover%22%93}&#8221; border_width_left__hover_enabled=&#8221;on|hover&#8221; border_width_left__hover=&#8221;28px&#8221;]<\/p>\n<p>Inscription b\u00e9n\u00e9ficiaire<\/p>\n<p>[\/et_pb_text][\/et_pb_column][et_pb_column type=&#8221;1_4&#8243; _builder_version=&#8221;4.27.4&#8243; _module_preset=&#8221;default&#8221; global_colors_info=&#8221;{}&#8221;][et_pb_text _builder_version=&#8221;4.27.4&#8243; _dynamic_attributes=&#8221;link_option_url&#8221; _module_preset=&#8221;default&#8221; text_font=&#8221;|||on|||||&#8221; text_font_size=&#8221;15px&#8221; text_line_height=&#8221;2em&#8221; background_color=&#8221;gcid-dd7eda48-7de5-4247-b606-6a6783a180ac&#8221; custom_padding=&#8221;8px||8px|8px|true|false&#8221; link_option_url=&#8221;@ET-DC@eyJkeW5hbWljIjp0cnVlLCJjb250ZW50IjoicG9zdF9saW5rX3VybF9wYWdlIiwic2V0dGluZ3MiOnsicG9zdF9pZCI6IjMyNTgwNCJ9fQ==@&#8221; border_width_top=&#8221;1px&#8221; border_color_top=&#8221;#FFFFFF&#8221; border_width_right=&#8221;1px&#8221; border_color_right=&#8221;#FFFFFF&#8221; border_width_bottom=&#8221;1px&#8221; border_color_bottom=&#8221;#FFFFFF&#8221; border_width_left=&#8221;8px&#8221; border_color_left=&#8221;#a5a096&#8243; box_shadow_style=&#8221;preset3&#8243; global_colors_info=&#8221;{%22gcid-dd7eda48-7de5-4247-b606-6a6783a180ac%22:%91%22background_color__hover%22%93}&#8221; border_width_left__hover_enabled=&#8221;on|hover&#8221; border_width_left__hover=&#8221;28px&#8221;]<\/p>\n<p>Inscription Newsletter<\/p>\n<p>[\/et_pb_text][\/et_pb_column][et_pb_column type=&#8221;1_4&#8243; _builder_version=&#8221;4.27.4&#8243; _module_preset=&#8221;default&#8221; global_colors_info=&#8221;{}&#8221;][et_pb_text _builder_version=&#8221;4.27.4&#8243; _dynamic_attributes=&#8221;link_option_url&#8221; _module_preset=&#8221;default&#8221; text_font=&#8221;|||on|||||&#8221; text_font_size=&#8221;15px&#8221; text_line_height=&#8221;2em&#8221; background_color=&#8221;gcid-dd7eda48-7de5-4247-b606-6a6783a180ac&#8221; custom_padding=&#8221;8px||8px|8px|true|false&#8221; link_option_url=&#8221;@ET-DC@eyJkeW5hbWljIjp0cnVlLCJjb250ZW50IjoicG9zdF9saW5rX3VybF9wYWdlIiwic2V0dGluZ3MiOnsicG9zdF9pZCI6IjM0NDYzNCJ9fQ==@&#8221; border_width_top=&#8221;1px&#8221; border_color_top=&#8221;#FFFFFF&#8221; border_width_right=&#8221;1px&#8221; border_color_right=&#8221;#FFFFFF&#8221; border_width_bottom=&#8221;1px&#8221; border_color_bottom=&#8221;#FFFFFF&#8221; border_width_left=&#8221;8px&#8221; border_color_left=&#8221;#a5a096&#8243; box_shadow_style=&#8221;preset3&#8243; global_colors_info=&#8221;{%22gcid-dd7eda48-7de5-4247-b606-6a6783a180ac%22:%91%22background_color__hover%22%93}&#8221; border_width_left__hover_enabled=&#8221;on|hover&#8221; border_width_left__hover=&#8221;28px&#8221;]<\/p>\n<p>Acc\u00e8s r\u00e9serv\u00e9<\/p>\n<p>[\/et_pb_text][\/et_pb_column][\/et_pb_row][\/et_pb_section]<\/p>\n","protected":false},"excerpt":{"rendered":"<p>Liste des inscriptionsInscription b\u00e9n\u00e9ficiaireInscription NewsletterAcc\u00e8s r\u00e9serv\u00e9<\/p>","protected":false},"author":1,"featured_media":0,"parent":0,"menu_order":0,"comment_status":"closed","ping_status":"closed","template":"","meta":{"_et_pb_use_builder":"on","_et_pb_old_content":"","_et_gb_content_width":"","footnotes":""},"class_list":["post-325788","page","type-page","status-publish","hentry"],"_links":{"self":[{"href":"https:\/\/plateforme-dja-bernoussi.org\/ar\/wp-json\/wp\/v2\/pages\/325788","targetHints":{"allow":["GET"]}}],"collection":[{"href":"https:\/\/plateforme-dja-bernoussi.org\/ar\/wp-json\/wp\/v2\/pages"}],"about":[{"href":"https:\/\/plateforme-dja-bernoussi.org\/ar\/wp-json\/wp\/v2\/types\/page"}],"author":[{"embeddable":true,"href":"https:\/\/plateforme-dja-bernoussi.org\/ar\/wp-json\/wp\/v2\/users\/1"}],"replies":[{"embeddable":true,"href":"https:\/\/plateforme-dja-bernoussi.org\/ar\/wp-json\/wp\/v2\/comments?post=325788"}],"version-history":[{"count":0,"href":"https:\/\/plateforme-dja-bernoussi.org\/ar\/wp-json\/wp\/v2\/pages\/325788\/revisions"}],"wp:attachment":[{"href":"https:\/\/plateforme-dja-bernoussi.org\/ar\/wp-json\/wp\/v2\/media?parent=325788"}],"curies":[{"name":"wp","href":"https:\/\/api.w.org\/{rel}","templated":true}]}}