{"id":344587,"date":"2025-05-27T13:41:05","date_gmt":"2025-05-27T12:41:05","guid":{"rendered":"https:\/\/plateforme-dja-bernoussi.org\/?page_id=344587"},"modified":"2026-02-16T13:54:02","modified_gmt":"2026-02-16T13:54:02","slug":"gouvernance","status":"publish","type":"page","link":"https:\/\/plateforme-dja-bernoussi.org\/ar\/a-propos\/gouvernance\/","title":{"rendered":"\u0627\u0644\u062d\u0643\u0627\u0645\u0629"},"content":{"rendered":"<p>[et_pb_section fb_built=&#8221;1&#8243; _builder_version=&#8221;4.27.4&#8243; _module_preset=&#8221;default&#8221; background_color=&#8221;gcid-fc0087e2-f330-4d24-8289-99d0edd3f0fd&#8221; z_index=&#8221;1&#8243; custom_padding=&#8221;0px||0px||true|false&#8221; locked=&#8221;off&#8221; global_colors_info=&#8221;{%22gcid-fc0087e2-f330-4d24-8289-99d0edd3f0fd%22:%91%22background_color%22%93}&#8221;][et_pb_row column_structure=&#8221;1_3,1_3,1_3&#8243; use_custom_gutter=&#8221;on&#8221; gutter_width=&#8221;2&#8243; make_equal=&#8221;on&#8221; module_class=&#8221;tablet-three-cols phone-three-cols&#8221; _builder_version=&#8221;4.27.5&#8243; _module_preset=&#8221;default&#8221; background_color=&#8221;RGBA(255,255,255,0)&#8221; width=&#8221;100%&#8221; custom_margin=&#8221;||0vh||false|false&#8221; custom_margin_tablet=&#8221;||-4vh||false|false&#8221; custom_margin_phone=&#8221;||-4vh||false|false&#8221; custom_margin_last_edited=&#8221;on|phone&#8221; custom_padding=&#8221;1vh|4px|0vh|4px|false|true&#8221; hover_enabled=&#8221;0&#8243; global_colors_info=&#8221;{}&#8221; sticky_enabled=&#8221;0&#8243;][et_pb_column type=&#8221;1_3&#8243; module_class=&#8221;vertical-align&#8221; _builder_version=&#8221;4.27.5&#8243; _module_preset=&#8221;default&#8221; custom_padding_tablet=&#8221;3vh||||false|false&#8221; custom_padding_phone=&#8221;3vh||||false|false&#8221; custom_padding_last_edited=&#8221;on|phone&#8221; hover_enabled=&#8221;0&#8243; global_colors_info=&#8221;{}&#8221; sticky_enabled=&#8221;0&#8243;][et_pb_image src=&#8221;https:\/\/plateforme-dja-bernoussi.org\/wp-content\/uploads\/Logo-INDH-Accueil.webp&#8221; title_text=&#8221;Logo-INDH-Accueil&#8221; align=&#8221;center&#8221; _builder_version=&#8221;4.27.5&#8243; _module_preset=&#8221;default&#8221; hover_enabled=&#8221;0&#8243; global_colors_info=&#8221;{}&#8221; sticky_enabled=&#8221;0&#8243; max_height=&#8221;120px&#8221;][\/et_pb_image][\/et_pb_column][et_pb_column type=&#8221;1_3&#8243; module_class=&#8221;vertical-align&#8221; _builder_version=&#8221;4.27.5&#8243; _module_preset=&#8221;default&#8221; custom_padding_tablet=&#8221;4vh||||false|false&#8221; custom_padding_phone=&#8221;4vh||||false|false&#8221; custom_padding_last_edited=&#8221;on|phone&#8221; hover_enabled=&#8221;0&#8243; global_colors_info=&#8221;{}&#8221; sticky_enabled=&#8221;0&#8243;][et_pb_image src=&#8221;https:\/\/plateforme-dja-bernoussi.org\/wp-content\/uploads\/Logo-PJ-Amal-Horiz.webp&#8221; title_text=&#8221;Logo-PJ-Amal-Horiz&#8221; align=&#8221;center&#8221; _builder_version=&#8221;4.27.4&#8243; _module_preset=&#8221;default&#8221; hover_enabled=&#8221;0&#8243; global_colors_info=&#8221;{}&#8221; sticky_enabled=&#8221;0&#8243;][\/et_pb_image][\/et_pb_column][et_pb_column type=&#8221;1_3&#8243; module_class=&#8221;vertical-align&#8221; _builder_version=&#8221;4.27.5&#8243; _module_preset=&#8221;default&#8221; hover_enabled=&#8221;0&#8243; global_colors_info=&#8221;{}&#8221; sticky_enabled=&#8221;0&#8243;][et_pb_image src=&#8221;https:\/\/plateforme-dja-bernoussi.org\/wp-content\/uploads\/Amal-Rond-150&#215;150.webp&#8221; title_text=&#8221;Amal-Rond&#8221; align=&#8221;center&#8221; _builder_version=&#8221;4.27.5&#8243; _module_preset=&#8221;default&#8221; max_height=&#8221;120px&#8221; max_height_tablet=&#8221;120px&#8221; max_height_phone=&#8221;80px&#8221; max_height_last_edited=&#8221;on|phone&#8221; hover_enabled=&#8221;0&#8243; global_colors_info=&#8221;{}&#8221; sticky_enabled=&#8221;0&#8243;][\/et_pb_image][\/et_pb_column][\/et_pb_row][et_pb_row _builder_version=&#8221;4.27.4&#8243; _module_preset=&#8221;default&#8221; custom_padding=&#8221;||1vh||false|false&#8221; global_colors_info=&#8221;{}&#8221;][et_pb_column type=&#8221;4_4&#8243; _builder_version=&#8221;4.27.4&#8243; _module_preset=&#8221;default&#8221; global_colors_info=&#8221;{}&#8221;][et_pb_heading title=&#8221;La gouvernance de l\u2019Initiative nationale se structure progressivement du niveau national au niveau local autour de six organes&#8221; _builder_version=&#8221;4.27.4&#8243; _module_preset=&#8221;default&#8221; title_font=&#8221;||||||||&#8221; title_text_align=&#8221;center&#8221; title_text_color=&#8221;gcid-b995eb9c-0940-4a79-bcad-68073e3940c6&#8243; custom_margin=&#8221;||||false|false&#8221; custom_padding=&#8221;||||false|false&#8221; title_font_size_tablet=&#8221;&#8221; title_font_size_phone=&#8221;19px&#8221; title_font_size_last_edited=&#8221;on|phone&#8221; global_colors_info=&#8221;{%22gcid-b995eb9c-0940-4a79-bcad-68073e3940c6%22:%91%22title_text_color%22%93}&#8221;][\/et_pb_heading][\/et_pb_column][\/et_pb_row][et_pb_row column_structure=&#8221;1_2,1_2&#8243; _builder_version=&#8221;4.17.6&#8243; _module_preset=&#8221;default&#8221; locked=&#8221;off&#8221; global_colors_info=&#8221;{}&#8221;][et_pb_column type=&#8221;1_2&#8243; _builder_version=&#8221;4.17.6&#8243; _module_preset=&#8221;default&#8221; global_colors_info=&#8221;{}&#8221;][et_pb_text _builder_version=&#8221;4.27.5&#8243; _module_preset=&#8221;default&#8221; header_4_font_size=&#8221;21px&#8221; background_color=&#8221;gcid-fc0087e2-f330-4d24-8289-99d0edd3f0fd&#8221; z_index=&#8221;1&#8243; min_height=&#8221;70px&#8221; custom_padding=&#8221;1vh|1vw|1vh|1vw|true|true&#8221; header_4_font_size_tablet=&#8221;21px&#8221; header_4_font_size_phone=&#8221;17px&#8221; header_4_font_size_last_edited=&#8221;on|phone&#8221; border_width_all=&#8221;2px&#8221; border_color_all=&#8221;gcid-06dcfd06-67b3-4454-bb8e-1ef4aa7e02f9&#8243; box_shadow_style=&#8221;preset3&#8243; global_colors_info=&#8221;{%22gcid-fc0087e2-f330-4d24-8289-99d0edd3f0fd%22:%91%22background_color%22%93,%22gcid-06dcfd06-67b3-4454-bb8e-1ef4aa7e02f9%22:%91%22border_color_all%22%93}&#8221;]<\/p>\n<h4>Les organismes r\u00e9gionaux, r\u00e9gionaux et locaux s\u2019occupent de la planification et de la mise en \u0153uvre des programmes<\/h4>\n<p>[\/et_pb_text][digr_divi_list_grid use_connector=&#8221;on&#8221; connector_color=&#8221;gcid-b995eb9c-0940-4a79-bcad-68073e3940c6&#8243; connector_size=&#8221;4px&#8221; horizontal_connector_width=&#8221;0px&#8221; vertical_connector_spacing=&#8221;8%&#8221; vertical_connector_position=&#8221;-6%&#8221; vertical_connector_height=&#8221;96%&#8221; listgrid_item_margin=&#8221;||36px||false|false&#8221; vertical_connector_spacing_tablet=&#8221;7%&#8221; vertical_connector_spacing_phone=&#8221;12%&#8221; vertical_connector_spacing_last_edited=&#8221;on|phone&#8221; vertical_connector_position_tablet=&#8221;-7%&#8221; vertical_connector_position_phone=&#8221;-7%&#8221; vertical_connector_position_last_edited=&#8221;on|tablet&#8221; module_class=&#8221;gouvernance&#8221; _builder_version=&#8221;4.27.5&#8243; _module_preset=&#8221;default&#8221; title_font_font=&#8221;|600|||||||&#8221; title_font_text_color=&#8221;#5e5e5e&#8221; title_font_font_size=&#8221;19px&#8221; content_font_font=&#8221;||||||||&#8221; content_font_text_color=&#8221;#727272&#8243; content_font_font_size=&#8221;16px&#8221; content_font_line_height=&#8221;1.7em&#8221; title_font_font_size_tablet=&#8221;22px&#8221; title_font_font_size_phone=&#8221;18px&#8221; title_font_font_size_last_edited=&#8221;on|phone&#8221; content_font_font_size_tablet=&#8221;16px&#8221; content_font_font_size_phone=&#8221;14px&#8221; content_font_font_size_last_edited=&#8221;on|phone&#8221; locked=&#8221;off&#8221; global_colors_info=&#8221;{%22gcid-b995eb9c-0940-4a79-bcad-68073e3940c6%22:%91%22connector_color%22%93}&#8221;][digr_divi_list_grid_item title=&#8221;Commission r\u00e9gionale du d\u00e9veloppement humain&#8221; badge=&#8221;01&#8243; badge_fontsize=&#8221;38px&#8221; badge_vertical_alignment=&#8221;middle&#8221; badge_font_weight=&#8221;bold&#8221; badge_color=&#8221;#FFFFFF&#8221; icon_background_color_bgcolor=&#8221;#FFFFFF&#8221; content_wrapper_color_bgcolor=&#8221;#FFFFFF&#8221; icon_image_order=&#8221;2&#8243; content_wrapper_order=&#8221;2&#8243; content_margin=&#8221;||20px||false|false&#8221; content_padding=&#8221;20px||20px|20px|false|false&#8221; image_icon_padding=&#8221;|||20px|false|false&#8221; badge_container_padding=&#8221;|||20px|false|false&#8221; image_icon_container_padding=&#8221;|||20px|false|false&#8221; icon_size_tablet=&#8221;42px&#8221; icon_size_phone=&#8221;&#8221; icon_size_last_edited=&#8221;on|phone&#8221; icon_height_tablet=&#8221;126px&#8221; icon_height_phone=&#8221;228px&#8221; icon_height_last_edited=&#8221;on|phone&#8221; badge_fontsize_tablet=&#8221;38px&#8221; badge_fontsize_phone=&#8221;26px&#8221; badge_fontsize_last_edited=&#8221;on|phone&#8221; _builder_version=&#8221;4.27.5&#8243; _module_preset=&#8221;default&#8221; content_font_font=&#8221;||||||||&#8221; background_color=&#8221;gcid-06dcfd06-67b3-4454-bb8e-1ef4aa7e02f9&#8243; background_enable_color=&#8221;on&#8221; border_radii=&#8221;on|20px|20px|20px|20px&#8221; border_radii_image=&#8221;off||||50px&#8221; border_radii_content_wrapper=&#8221;off||20px||20px&#8221; box_shadow_style=&#8221;preset1&#8243; global_colors_info=&#8221;{%22gcid-06dcfd06-67b3-4454-bb8e-1ef4aa7e02f9%22:%91%22background_color%22%93}&#8221;]<\/p>\n<ul>\n<li>Le Wali de la r\u00e9gion<\/li>\n<li>L&#8217;approbation des programmes pluriannuels<\/li>\n<li>La surveillance des ressources<\/li>\n<\/ul>\n<p>[\/digr_divi_list_grid_item][digr_divi_list_grid_item title=&#8221;Comit\u00e9 r\u00e9gional du d\u00e9veloppement humain&#8221; badge=&#8221;02&#8243; badge_fontsize=&#8221;38px&#8221; badge_vertical_alignment=&#8221;middle&#8221; badge_font_weight=&#8221;bold&#8221; badge_color=&#8221;#FFFFFF&#8221; icon_background_color_bgcolor=&#8221;#FFFFFF&#8221; content_wrapper_color_bgcolor=&#8221;#FFFFFF&#8221; icon_image_order=&#8221;2&#8243; content_wrapper_order=&#8221;2&#8243; content_margin=&#8221;||20px||false|false&#8221; content_padding=&#8221;20px||20px|20px|false|false&#8221; image_icon_padding=&#8221;|||20px|false|false&#8221; badge_container_padding=&#8221;|||20px|false|false&#8221; image_icon_container_padding=&#8221;|||20px|false|false&#8221; icon_size_tablet=&#8221;42px&#8221; icon_size_phone=&#8221;42px&#8221; icon_size_last_edited=&#8221;on|phone&#8221; icon_height_tablet=&#8221;126px&#8221; icon_height_phone=&#8221;228px&#8221; icon_height_last_edited=&#8221;on|phone&#8221; badge_fontsize_tablet=&#8221;38px&#8221; badge_fontsize_phone=&#8221;26px&#8221; badge_fontsize_last_edited=&#8221;on|phone&#8221; _builder_version=&#8221;4.27.5&#8243; _module_preset=&#8221;default&#8221; background_color=&#8221;gcid-23724ce2-0c87-46ef-b3a9-f59ca8214a3d&#8221; background_enable_color=&#8221;on&#8221; border_radii=&#8221;on|20px|20px|20px|20px&#8221; border_radii_image=&#8221;off||||50px&#8221; border_radii_content_wrapper=&#8221;off||20px||20px&#8221; box_shadow_style=&#8221;preset1&#8243; global_colors_info=&#8221;{%22gcid-23724ce2-0c87-46ef-b3a9-f59ca8214a3d%22:%91%22background_color%22%93}&#8221;]<\/p>\n<ul>\n<li>Le Pr\u00e9fet<\/li>\n<li>Pr\u00e9paration du programme pluriannuel<\/li>\n<li>Contrat<\/li>\n<li>Suivi des r\u00e9alisations \/ Rapports<\/li>\n<\/ul>\n<p>[\/digr_divi_list_grid_item][digr_divi_list_grid_item title=&#8221;Comit\u00e9 Local pour le D\u00e9veloppement Humain&#8221; badge=&#8221;03&#8243; badge_fontsize=&#8221;38px&#8221; badge_vertical_alignment=&#8221;middle&#8221; badge_font_weight=&#8221;bold&#8221; badge_color=&#8221;#FFFFFF&#8221; icon_background_color_bgcolor=&#8221;#FFFFFF&#8221; content_wrapper_color_bgcolor=&#8221;#FFFFFF&#8221; icon_image_order=&#8221;2&#8243; content_wrapper_order=&#8221;2&#8243; content_margin=&#8221;||20px||false|false&#8221; content_padding=&#8221;20px||20px|20px|false|false&#8221; image_icon_padding=&#8221;|||20px|false|false&#8221; badge_container_padding=&#8221;|||20px|false|false&#8221; image_icon_container_padding=&#8221;|||20px|false|false&#8221; icon_size_tablet=&#8221;42px&#8221; icon_size_phone=&#8221;&#8221; icon_size_last_edited=&#8221;on|phone&#8221; icon_height_tablet=&#8221;126px&#8221; icon_height_phone=&#8221;228px&#8221; icon_height_last_edited=&#8221;on|phone&#8221; badge_fontsize_tablet=&#8221;38px&#8221; badge_fontsize_phone=&#8221;26px&#8221; badge_fontsize_last_edited=&#8221;on|phone&#8221; _builder_version=&#8221;4.27.5&#8243; _module_preset=&#8221;default&#8221; background_color=&#8221;gcid-06dcfd06-67b3-4454-bb8e-1ef4aa7e02f9&#8243; background_enable_color=&#8221;on&#8221; border_radii=&#8221;on|20px|20px|20px|20px&#8221; border_radii_image=&#8221;off||||50px&#8221; border_radii_content_wrapper=&#8221;off||20px||20px&#8221; box_shadow_style=&#8221;preset1&#8243; global_colors_info=&#8221;{%22gcid-06dcfd06-67b3-4454-bb8e-1ef4aa7e02f9%22:%91%22background_color%22%93}&#8221;]<\/p>\n<ul>\n<li>Chef de circonscription &#8211; Pacha<\/li>\n<li>Analyse des besoins locaux et pr\u00e9paration du diagnostic participatif<\/li>\n<\/ul>\n<p>[\/digr_divi_list_grid_item][\/digr_divi_list_grid][et_pb_code raw_content_tablet=&#8221;<\/p>\n<style>\n  .entry-content ul {padding: 0 0 0px 1em; line-height: 23px;}\n<\/style>\n<p>&#8221; raw_content_phone=&#8221;<\/p>\n<style>\n  .entry-content ul {padding: 0 0 0px 1em; line-height: 23px;}\n<\/style>\n<p>&#8221; raw_content_last_edited=&#8221;on|desktop&#8221; _builder_version=&#8221;4.27.4&#8243; _module_preset=&#8221;default&#8221; global_colors_info=&#8221;{}&#8221;]<\/p>\n<style><!-- [et_pb_line_break_holder] -->  .entry-content ul {padding: 0 0 0px 1em; line-height: 23px;}<!-- [et_pb_line_break_holder] -->  .digr_divi_list_grid_content {min-height: 92px;}<!-- [et_pb_line_break_holder] --><\/style>\n<p>[\/et_pb_code][\/et_pb_column][et_pb_column type=&#8221;1_2&#8243; _builder_version=&#8221;4.17.6&#8243; _module_preset=&#8221;default&#8221; global_colors_info=&#8221;{}&#8221;][et_pb_text _builder_version=&#8221;4.27.4&#8243; _module_preset=&#8221;default&#8221; header_4_font_size=&#8221;21px&#8221; background_color=&#8221;gcid-fc0087e2-f330-4d24-8289-99d0edd3f0fd&#8221; z_index=&#8221;1&#8243; min_height=&#8221;68px&#8221; custom_padding=&#8221;1vh|1vw|1vh|1vw|true|true&#8221; header_4_font_size_tablet=&#8221;21px&#8221; header_4_font_size_phone=&#8221;17px&#8221; header_4_font_size_last_edited=&#8221;on|phone&#8221; border_width_all=&#8221;2px&#8221; border_color_all=&#8221;gcid-1790dd6d-3068-4678-a106-25d1ebad94b9&#8243; box_shadow_style=&#8221;preset3&#8243; global_colors_info=&#8221;{%22gcid-1790dd6d-3068-4678-a106-25d1ebad94b9%22:%91%22border_color_all%22%93,%22gcid-fc0087e2-f330-4d24-8289-99d0edd3f0fd%22:%91%22background_color%22%93}&#8221;]<\/p>\n<h4>Les autorit\u00e9s nationales soutiennent la vision strat\u00e9gique et veillent \u00e0 la convergence des interventions publiques<\/h4>\n<p>[\/et_pb_text][digr_divi_list_grid use_connector=&#8221;on&#8221; connector_color=&#8221;gcid-1790dd6d-3068-4678-a106-25d1ebad94b9&#8243; connector_size=&#8221;4px&#8221; horizontal_connector_width=&#8221;0px&#8221; vertical_connector_spacing=&#8221;8%&#8221; vertical_connector_position=&#8221;-6%&#8221; vertical_connector_height=&#8221;96%&#8221; listgrid_item_margin=&#8221;||36px||false|false&#8221; main_paragraph_margin=&#8221;||||false|false&#8221; main_paragraph_padding=&#8221;||||false|false&#8221; content_margin=&#8221;||||false|false&#8221; content_padding=&#8221;||||false|false&#8221; vertical_connector_spacing_tablet=&#8221;7%&#8221; vertical_connector_spacing_phone=&#8221;12%&#8221; vertical_connector_spacing_last_edited=&#8221;on|phone&#8221; vertical_connector_position_tablet=&#8221;-5%&#8221; vertical_connector_position_phone=&#8221;-5%&#8221; vertical_connector_position_last_edited=&#8221;on|phone&#8221; module_class=&#8221;gouvernance&#8221; _builder_version=&#8221;4.27.5&#8243; _module_preset=&#8221;default&#8221; title_font_font=&#8221;|600|||||||&#8221; title_font_text_color=&#8221;#5e5e5e&#8221; title_font_font_size=&#8221;19px&#8221; content_font_font=&#8221;||||||||&#8221; content_font_text_color=&#8221;#727272&#8243; content_font_font_size=&#8221;16px&#8221; content_font_line_height=&#8221;1.2em&#8221; title_font_font_size_tablet=&#8221;22px&#8221; title_font_font_size_phone=&#8221;18px&#8221; title_font_font_size_last_edited=&#8221;on|phone&#8221; content_font_font_size_tablet=&#8221;16px&#8221; content_font_font_size_phone=&#8221;14px&#8221; content_font_font_size_last_edited=&#8221;on|phone&#8221; locked=&#8221;off&#8221; global_colors_info=&#8221;{%22gcid-1790dd6d-3068-4678-a106-25d1ebad94b9%22:%91%22connector_color%22%93}&#8221;][digr_divi_list_grid_item title=&#8221;Comit\u00e9 strat\u00e9gique&#8221; badge=&#8221;04&#8243; badge_fontsize=&#8221;38px&#8221; badge_vertical_alignment=&#8221;middle&#8221; badge_font_weight=&#8221;bold&#8221; badge_color=&#8221;#FFFFFF&#8221; icon_background_color_bgcolor=&#8221;#FFFFFF&#8221; content_wrapper_color_bgcolor=&#8221;#FFFFFF&#8221; icon_image_order=&#8221;2&#8243; content_wrapper_order=&#8221;2&#8243; content_margin=&#8221;||20px||false|false&#8221; content_padding=&#8221;20px||20px|20px|false|false&#8221; image_icon_padding=&#8221;|||20px|false|false&#8221; badge_container_padding=&#8221;|||20px|false|false&#8221; image_icon_container_padding=&#8221;|||20px|false|false&#8221; icon_size_tablet=&#8221;42px&#8221; icon_size_phone=&#8221;42px&#8221; icon_size_last_edited=&#8221;on|phone&#8221; icon_height_tablet=&#8221;126px&#8221; icon_height_phone=&#8221;228px&#8221; icon_height_last_edited=&#8221;on|phone&#8221; badge_fontsize_tablet=&#8221;38px&#8221; badge_fontsize_phone=&#8221;26px&#8221; badge_fontsize_last_edited=&#8221;on|phone&#8221; _builder_version=&#8221;4.27.4&#8243; _module_preset=&#8221;default&#8221; background_color=&#8221;gcid-1790dd6d-3068-4678-a106-25d1ebad94b9&#8243; background_enable_color=&#8221;on&#8221; border_radii=&#8221;on|20px|20px|20px|20px&#8221; border_radii_image=&#8221;off||||50px&#8221; border_radii_content_wrapper=&#8221;off||20px||20px&#8221; box_shadow_style=&#8221;preset1&#8243; global_colors_info=&#8221;{%22gcid-1790dd6d-3068-4678-a106-25d1ebad94b9%22:%91%22background_color%22%93}&#8221;]<\/p>\n<ul>\n<li>Chef du gouvernement<\/li>\n<li>Orientations strat\u00e9giques et coh\u00e9rence de l\u2019intervention publique<\/li>\n<li>Ratification des r\u00e9solutions<\/li>\n<\/ul>\n<p>[\/digr_divi_list_grid_item][digr_divi_list_grid_item title=&#8221;Comit\u00e9 de direction (conseil d\u2019administration)&#8221; badge=&#8221;05&#8243; badge_fontsize=&#8221;38px&#8221; badge_vertical_alignment=&#8221;middle&#8221; badge_font_weight=&#8221;bold&#8221; badge_color=&#8221;#FFFFFF&#8221; icon_background_color_bgcolor=&#8221;#FFFFFF&#8221; content_wrapper_color_bgcolor=&#8221;#FFFFFF&#8221; icon_image_order=&#8221;2&#8243; content_wrapper_order=&#8221;2&#8243; content_margin=&#8221;||20px||false|false&#8221; content_padding=&#8221;20px||20px|20px|false|false&#8221; image_icon_padding=&#8221;|||20px|false|false&#8221; badge_container_padding=&#8221;|||20px|false|false&#8221; image_icon_container_padding=&#8221;|||20px|false|false&#8221; icon_size_tablet=&#8221;42px&#8221; icon_size_phone=&#8221;&#8221; icon_size_last_edited=&#8221;on|phone&#8221; icon_height_tablet=&#8221;126px&#8221; icon_height_phone=&#8221;228px&#8221; icon_height_last_edited=&#8221;on|phone&#8221; badge_fontsize_tablet=&#8221;38px&#8221; badge_fontsize_phone=&#8221;26px&#8221; badge_fontsize_last_edited=&#8221;on|phone&#8221; _builder_version=&#8221;4.27.5&#8243; _module_preset=&#8221;default&#8221; background_color=&#8221;gcid-06dcfd06-67b3-4454-bb8e-1ef4aa7e02f9&#8243; background_enable_color=&#8221;on&#8221; border_radii=&#8221;on|20px|20px|20px|20px&#8221; border_radii_image=&#8221;off||||50px&#8221; border_radii_content_wrapper=&#8221;off||20px||20px&#8221; box_shadow_style=&#8221;preset1&#8243; global_colors_info=&#8221;{%22gcid-06dcfd06-67b3-4454-bb8e-1ef4aa7e02f9%22:%91%22background_color%22%93}&#8221;]<\/p>\n<ul>\n<li>Ministre de l\u2019Int\u00e9rieur<\/li>\n<li>Suivi et \u00e9valuation globale<\/li>\n<li>\u00a0Budg\u00e9tisation<\/li>\n<li>Coop\u00e9ration internationale.<\/li>\n<\/ul>\n<p>[\/digr_divi_list_grid_item][digr_divi_list_grid_item title=&#8221;Coordination nationale pour le d\u00e9veloppement humain&#8221; badge=&#8221;06&#8243; badge_fontsize=&#8221;38px&#8221; badge_vertical_alignment=&#8221;middle&#8221; badge_font_weight=&#8221;bold&#8221; badge_color=&#8221;#FFFFFF&#8221; icon_background_color_bgcolor=&#8221;#FFFFFF&#8221; content_wrapper_color_bgcolor=&#8221;#FFFFFF&#8221; icon_image_order=&#8221;2&#8243; content_wrapper_order=&#8221;2&#8243; content_margin=&#8221;||20px||false|false&#8221; content_padding=&#8221;20px||20px|20px|false|false&#8221; image_icon_padding=&#8221;|||20px|false|false&#8221; badge_container_padding=&#8221;|||20px|false|false&#8221; image_icon_container_padding=&#8221;|||20px|false|false&#8221; icon_size_tablet=&#8221;42px&#8221; icon_size_phone=&#8221;42px&#8221; icon_size_last_edited=&#8221;on|phone&#8221; icon_height_tablet=&#8221;126px&#8221; icon_height_phone=&#8221;228px&#8221; icon_height_last_edited=&#8221;on|phone&#8221; badge_fontsize_tablet=&#8221;38px&#8221; badge_fontsize_phone=&#8221;26px&#8221; badge_fontsize_last_edited=&#8221;on|phone&#8221; _builder_version=&#8221;4.27.4&#8243; _module_preset=&#8221;default&#8221; background_color=&#8221;gcid-1790dd6d-3068-4678-a106-25d1ebad94b9&#8243; background_enable_color=&#8221;on&#8221; border_radii=&#8221;on|20px|20px|20px|20px&#8221; border_radii_image=&#8221;off||||50px&#8221; border_radii_content_wrapper=&#8221;off||20px||20px&#8221; box_shadow_style=&#8221;preset1&#8243; global_colors_info=&#8221;{%22gcid-1790dd6d-3068-4678-a106-25d1ebad94b9%22:%91%22background_color%22%93}&#8221;]<\/p>\n<ul>\n<li>Coordinateur national de l\u2019initiative<\/li>\n<li>Coordination et soutien du programme<\/li>\n<li>Tutelle de l\u2019Institut du d\u00e9veloppement humain<\/li>\n<\/ul>\n<p>[\/digr_divi_list_grid_item][\/digr_divi_list_grid][\/et_pb_column][\/et_pb_row][\/et_pb_section]<\/p>\n","protected":false},"excerpt":{"rendered":"<p>\u062a\u0639\u0646\u0649 \u0627\u0644\u0647\u064a\u0626\u0627\u062a \u0627\u0644\u062c\u0647\u0648\u064a\u0629 \u0648\u0627\u0644\u0627\u0642\u0644\u064a\u0645\u064a\u0629 \u0648\u0627\u0644\u0645\u062d\u0644\u064a\u0629 \u0628\u0627\u0644\u062a\u062e\u0637\u064a\u0637 \u0648\u062a\u0641\u0639\u064a\u0644 \u0627\u0644\u0628\u0631\u0627\u0645\u062c<div class=\"et_pb_module digr_divi_list_grid digr_divi_list_grid_0 gouvernance\">\n\t\t\t\t\n\t\t\t\t\n\t\t\t\t\n\t\t\t\t\n\t\t\t\t\n\t\t\t\t\n\t\t\t\t<div class=\"et_pb_module_inner\">\n\t\t\t\t\t<div class=\"digr_divi_list_grid_parent_container digr_listgrid_connector_left\">\r\n\t\t\t\r\n\t\t\t<\/div>\n\t\t\t\t<\/div>\n\t\t\t<\/div><div class=\"et_pb_module digr_divi_list_grid_item digr_divi_list_grid_item_0\">\n\t\t\t\t\n\t\t\t\t\n\t\t\t\t\n\t\t\t\t\n\t\t\t\t\n\t\t\t\t\n\t\t\t\t<div class=\"et_pb_module_inner\">\n\t\t\t\t\t<div class=\"digr_divi_list_grid_container\">\r\n\t\t\t\t\t\t\r\n\t\t\t\t\t\t<div class=\"digr_divi_list_grid_content_wrapper\">\t\t\t\r\n\t\t\t\t<h2 class=\"digr_divi_list_grid_title\">&#8221;Commission<\/h2>\r\n\t\t\t\t\r\n\t\t\t<\/div>\r\n\t\t\t\t\t\t\t\t\t\t\t\t\r\n\t\t\t\t\t<\/div>\r\n\t\t\t\t\t\n\t\t\t\t<\/div>\n\t\t\t<\/div><\/p>","protected":false},"author":1,"featured_media":0,"parent":325325,"menu_order":0,"comment_status":"closed","ping_status":"closed","template":"","meta":{"_et_pb_use_builder":"on","_et_pb_old_content":"","_et_gb_content_width":"","footnotes":""},"class_list":["post-344587","page","type-page","status-publish","hentry"],"_links":{"self":[{"href":"https:\/\/plateforme-dja-bernoussi.org\/ar\/wp-json\/wp\/v2\/pages\/344587","targetHints":{"allow":["GET"]}}],"collection":[{"href":"https:\/\/plateforme-dja-bernoussi.org\/ar\/wp-json\/wp\/v2\/pages"}],"about":[{"href":"https:\/\/plateforme-dja-bernoussi.org\/ar\/wp-json\/wp\/v2\/types\/page"}],"author":[{"embeddable":true,"href":"https:\/\/plateforme-dja-bernoussi.org\/ar\/wp-json\/wp\/v2\/users\/1"}],"replies":[{"embeddable":true,"href":"https:\/\/plateforme-dja-bernoussi.org\/ar\/wp-json\/wp\/v2\/comments?post=344587"}],"version-history":[{"count":0,"href":"https:\/\/plateforme-dja-bernoussi.org\/ar\/wp-json\/wp\/v2\/pages\/344587\/revisions"}],"up":[{"embeddable":true,"href":"https:\/\/plateforme-dja-bernoussi.org\/ar\/wp-json\/wp\/v2\/pages\/325325"}],"wp:attachment":[{"href":"https:\/\/plateforme-dja-bernoussi.org\/ar\/wp-json\/wp\/v2\/media?parent=344587"}],"curies":[{"name":"wp","href":"https:\/\/api.w.org\/{rel}","templated":true}]}}