{"id":344594,"date":"2025-05-27T13:46:24","date_gmt":"2025-05-27T12:46:24","guid":{"rendered":"https:\/\/plateforme-dja-bernoussi.org\/?page_id=344594"},"modified":"2026-02-18T11:45:15","modified_gmt":"2026-02-18T11:45:15","slug":"missions-objectifs","status":"publish","type":"page","link":"https:\/\/plateforme-dja-bernoussi.org\/ar\/a-propos\/missions-objectifs\/","title":{"rendered":"\u0627\u0644\u0645\u0647\u0627\u0645 \u0648\u0627\u0644\u0623\u0647\u062f\u0627\u0641"},"content":{"rendered":"<p>[et_pb_section fb_built=&#8221;1&#8243; admin_label=&#8221;\u00e0-Considerer-01&#8243; _builder_version=&#8221;4.27.5&#8243; _module_preset=&#8221;default&#8221; background_color=&#8221;gcid-fc0087e2-f330-4d24-8289-99d0edd3f0fd&#8221; use_background_color_gradient=&#8221;on&#8221; background_color_gradient_direction=&#8221;120deg&#8221; background_color_gradient_stops=&#8221;rgba(255,255,255,0) 80%|gcid-23724ce2-0c87-46ef-b3a9-f59ca8214a3d 80%&#8221; custom_padding=&#8221;4vh||4vh||true|false&#8221; hover_enabled=&#8221;0&#8243; locked=&#8221;off&#8221; collapsed=&#8221;on&#8221; global_colors_info=&#8221;{%22gcid-fc0087e2-f330-4d24-8289-99d0edd3f0fd%22:%91%22background_color%22%93,%22gcid-23724ce2-0c87-46ef-b3a9-f59ca8214a3d%22:%91%22background_color_gradient_stops%22%93}&#8221; sticky_enabled=&#8221;0&#8243;][et_pb_row _builder_version=&#8221;4.27.4&#8243; _module_preset=&#8221;d327ac8f-01a1-496c-bfcc-73f9e5cca37f&#8221; custom_css_main_element=&#8221;\/*display: flex;||flex-wrap: wrap;||align-items: center;*\/&#8221; global_colors_info=&#8221;{}&#8221;][et_pb_column type=&#8221;4_4&#8243; _builder_version=&#8221;4.27.4&#8243; _module_preset=&#8221;default&#8221; global_colors_info=&#8221;{}&#8221;][et_pb_heading title=&#8221;Nos Missions &#038; Objectifs&#8221; _builder_version=&#8221;4.27.5&#8243; _module_preset=&#8221;default&#8221; title_text_color=&#8221;gcid-06dcfd06-67b3-4454-bb8e-1ef4aa7e02f9&#8243; global_colors_info=&#8221;{%22gcid-06dcfd06-67b3-4454-bb8e-1ef4aa7e02f9%22:%91%22title_text_color%22%93}&#8221;][\/et_pb_heading][\/et_pb_column][\/et_pb_row][\/et_pb_section][et_pb_section fb_built=&#8221;1&#8243; _builder_version=&#8221;4.27.4&#8243; _module_preset=&#8221;default&#8221; background_color=&#8221;gcid-fc0087e2-f330-4d24-8289-99d0edd3f0fd&#8221; custom_padding=&#8221;0px||0px||false|false&#8221; global_colors_info=&#8221;{%22gcid-fc0087e2-f330-4d24-8289-99d0edd3f0fd%22:%91%22background_color%22%93}&#8221;][et_pb_row _builder_version=&#8221;4.27.4&#8243; _module_preset=&#8221;273d659e-fb01-4052-94a4-ebde22ab97e1&#8243; global_colors_info=&#8221;{}&#8221;][et_pb_column type=&#8221;4_4&#8243; _builder_version=&#8221;4.27.4&#8243; _module_preset=&#8221;default&#8221; global_colors_info=&#8221;{}&#8221;][et_pb_text _builder_version=&#8221;4.27.4&#8243; _module_preset=&#8221;default&#8221; text_font_size=&#8221;17px&#8221; global_colors_info=&#8221;{}&#8221;]<\/p>\n<p>La plateforme offre des espaces d&#8217;accueil, d&#8217;\u00e9coute et d&#8217;orientation, d&#8217;accompagnement \u00e0 l&#8217;entrepreunariat et \u00e0 l&#8217;emploi et de renforcement des comp\u00e9tences.<\/p>\n<p>Des \u00e9quipes sp\u00e9cialis\u00e9es dans l&#8217;orientation et l&#8217;\u00e9coute accompagneront les b\u00e9n\u00e9ficiaires dans le processus de conception de leurs projets ou dans leur insertion professionnelle.<\/p>\n<p>La plateforme permet aux jeunes de tirer partie du Programme int\u00e9gr\u00e9 d&#8217;appui et de financement des entreprises avec un acc\u00e8s facilit\u00e9 \u00e0 l&#8217;accompagnement et au financement pour les jeunes porteurs de projets et aux tr\u00e8s petites et petites entreprises.<br \/>Le programme &#8220;Am\u00e9lioration du revenu et inclusion \u00e9conomique des jeunes&#8221; consiste en le d\u00e9ploiement de deux principales missions.<\/p>\n<p><strong>Mission d&#8217;\u00e9coute et d&#8217;orientation:\u00a0\u00a0<\/strong><br \/>Une action majeure pour la r\u00e9ussite de l&#8217;approche adopt\u00e9e pour le programme 3, elle constitue la porte d&#8217;entr\u00e9e \u00e0 la d\u00e9clinaison de l&#8217;ensemble des missions explicit\u00e9es ci-apr\u00e8s.<\/p>\n<p><strong>Mission d&#8217;accopagnement :<\/strong><\/p>\n<p>[\/et_pb_text][\/et_pb_column][\/et_pb_row][\/et_pb_section][et_pb_section fb_built=&#8221;1&#8243; admin_label=&#8221;\u00e0-Considerer-04&#8243; _builder_version=&#8221;4.27.4&#8243; _module_preset=&#8221;default&#8221; background_color=&#8221;gcid-fc0087e2-f330-4d24-8289-99d0edd3f0fd&#8221; custom_padding=&#8221;0px||||false|false&#8221; locked=&#8221;off&#8221; collapsed=&#8221;on&#8221; global_colors_info=&#8221;{%22gcid-fc0087e2-f330-4d24-8289-99d0edd3f0fd%22:%91%22background_color%22%93}&#8221;][et_pb_row column_structure=&#8221;3_4,1_4&#8243; use_custom_gutter=&#8221;on&#8221; gutter_width=&#8221;2&#8243; _builder_version=&#8221;4.27.4&#8243; _module_preset=&#8221;3d813672-2aa7-4eff-ac80-18308a5447e7&#8243; background_color=&#8221;#f6f2f6&#8243; z_index=&#8221;11&#8243; custom_margin=&#8221;||20px||false|false&#8221; custom_padding=&#8221;20px|20px|20px|20px|true|true&#8221; sticky_position=&#8221;top&#8221; sticky_limit_bottom=&#8221;section&#8221; sticky_transition=&#8221;off&#8221; sticky_position_tablet=&#8221;none&#8221; sticky_position_phone=&#8221;none&#8221; sticky_position_last_edited=&#8221;on|tablet&#8221; custom_css_main_element=&#8221;display: flex;||flex-wrap: wrap;||align-items: center;&#8221; global_colors_info=&#8221;{}&#8221;][et_pb_column type=&#8221;3_4&#8243; _builder_version=&#8221;4.27.4&#8243; _module_preset=&#8221;default&#8221; global_colors_info=&#8221;{}&#8221;][et_pb_blurb title=&#8221;(1)&#8221; admin_label=&#8221;Hatha Yoga&#8221; _builder_version=&#8221;4.27.4&#8243; _module_preset=&#8221;default&#8221; header_font=&#8221;Lora||||||||&#8221; header_text_align=&#8221;center&#8221; header_text_color=&#8221;#a581a6&#8243; header_font_size=&#8221;44px&#8221; body_font=&#8221;||||||||&#8221; body_text_align=&#8221;center&#8221; body_text_color=&#8221;#666666&#8243; body_font_size=&#8221;18px&#8221; body_letter_spacing=&#8221;1px&#8221; background_color=&#8221;rgba(255,255,255,0.6)&#8221; min_height=&#8221;217px&#8221; custom_margin=&#8221;||||false&#8221; custom_padding=&#8221;30px|15px|30px|15px|true|true&#8221; header_font_size_tablet=&#8221;38px&#8221; header_font_size_phone=&#8221;32px&#8221; header_font_size_last_edited=&#8221;on|desktop&#8221; global_colors_info=&#8221;{}&#8221; unfold_btn_background__hover_enabled=&#8221;on|hover&#8221; unfold_btn_background__hover=&#8221;#000000&#8243; unfold_btn_border_size_last_edited=&#8221;off|desktop&#8221; unfold_btn_border_size__hover_enabled=&#8221;on|desktop&#8221; unfold_btn_border_size__hover=&#8221;0px&#8221;]<\/p>\n<p>Accompagnement des jeunes pour acc\u00e9der \u00e0 un premier emploi par le renforcement de leurs capacit\u00e9s.<\/p>\n<p>[\/et_pb_blurb][\/et_pb_column][et_pb_column type=&#8221;1_4&#8243; _builder_version=&#8221;4.27.4&#8243; _module_preset=&#8221;default&#8221; global_colors_info=&#8221;{}&#8221;][dipl_rotating_text text=&#8221;Plateforme des jeunes Al Amal -Sidi Bernoussi-&#8221; use_image=&#8221;on&#8221; image=&#8221;https:\/\/plateforme-dja-bernoussi.org\/wp-content\/uploads\/Icon-Amal-2-Rond.webp&#8221; circle_size=&#8221;190px&#8221; circle_animation_speed=&#8221;28000ms&#8221; image_icon_size=&#8221;130px&#8221; image_icon_custom_padding=&#8221;0px|0px|0px|0px|on|on&#8221; _builder_version=&#8221;4.27.5&#8243; _module_preset=&#8221;default&#8221; text_font=&#8221;|||on|||||&#8221; text_font_size=&#8221;15px&#8221; module_alignment=&#8221;center&#8221; custom_css_main_element=&#8221;display: flex;||justify-content: center;||align-items: center;||margin: 0 auto;&#8221; locked=&#8221;off&#8221; global_colors_info=&#8221;{}&#8221;][\/dipl_rotating_text][\/et_pb_column][\/et_pb_row][et_pb_row column_structure=&#8221;1_4,3_4&#8243; use_custom_gutter=&#8221;on&#8221; gutter_width=&#8221;2&#8243; _builder_version=&#8221;4.27.4&#8243; _module_preset=&#8221;3d813672-2aa7-4eff-ac80-18308a5447e7&#8243; background_color=&#8221;#eee3d1&#8243; z_index=&#8221;11&#8243; custom_margin=&#8221;||20px||false|false&#8221; custom_padding=&#8221;20px|20px|20px|20px|true|true&#8221; sticky_position=&#8221;top&#8221; sticky_limit_bottom=&#8221;section&#8221; sticky_offset_surrounding=&#8221;off&#8221; sticky_position_tablet=&#8221;none&#8221; sticky_position_phone=&#8221;none&#8221; sticky_position_last_edited=&#8221;on|tablet&#8221; custom_css_main_element=&#8221;display: flex;||flex-wrap: wrap;||align-items: center;&#8221; global_colors_info=&#8221;{}&#8221; custom_css_main_element_last_edited=&#8221;on|tablet&#8221; custom_css_main_element_tablet=&#8221;display: flex;||flex-direction: column-reverse;&#8221; custom_css_main_element_phone=&#8221;display: flex;||flex-direction: column-reverse;&#8221;][et_pb_column type=&#8221;1_4&#8243; _builder_version=&#8221;4.27.4&#8243; _module_preset=&#8221;default&#8221; global_colors_info=&#8221;{}&#8221;][et_pb_image src=&#8221;https:\/\/plateforme-dja-bernoussi.org\/wp-content\/uploads\/AlAmal-Bureaux.webp&#8221; title_text=&#8221;AlAmal-Bureaux&#8221; align=&#8221;center&#8221; _builder_version=&#8221;4.27.5&#8243; _module_preset=&#8221;default&#8221; width=&#8221;180px&#8221; module_alignment=&#8221;center&#8221; border_radii=&#8221;on|18px|18px|18px|18px&#8221; border_width_all=&#8221;2px&#8221; border_color_all=&#8221;#FFFFFF&#8221; box_shadow_style=&#8221;preset3&#8243; global_colors_info=&#8221;{}&#8221;][\/et_pb_image][\/et_pb_column][et_pb_column type=&#8221;3_4&#8243; _builder_version=&#8221;4.27.4&#8243; _module_preset=&#8221;default&#8221; global_colors_info=&#8221;{}&#8221;][et_pb_blurb title=&#8221;(2)&#8221; admin_label=&#8221;Vinyasa Flow Yoga&#8221; _builder_version=&#8221;4.27.4&#8243; _module_preset=&#8221;default&#8221; header_font=&#8221;||||||||&#8221; header_text_align=&#8221;center&#8221; header_text_color=&#8221;#c4baac&#8221; header_font_size=&#8221;44px&#8221; body_font=&#8221;|700|||||||&#8221; body_text_align=&#8221;center&#8221; body_text_color=&#8221;#666666&#8243; body_font_size=&#8221;17px&#8221; body_letter_spacing=&#8221;1px&#8221; background_color=&#8221;rgba(255,255,255,0.6)&#8221; min_height=&#8221;217px&#8221; custom_margin_tablet=&#8221;||40px||false|false&#8221; custom_margin_phone=&#8221;||40px||false|false&#8221; custom_margin_last_edited=&#8221;on|tablet&#8221; custom_padding=&#8221;30px|15px|30px|15px|true|true&#8221; header_font_size_tablet=&#8221;38px&#8221; header_font_size_phone=&#8221;32px&#8221; header_font_size_last_edited=&#8221;on|desktop&#8221; global_colors_info=&#8221;{}&#8221; unfold_btn_background__hover_enabled=&#8221;on|hover&#8221; unfold_btn_background__hover=&#8221;#000000&#8243; unfold_btn_border_size__hover_enabled=&#8221;on|hover&#8221; unfold_btn_border_size__hover=&#8221;0px&#8221;]<\/p>\n<p>Accompagnement des jeunes pour acc\u00e9der \u00e0 l&#8217;entrepreunariat.<\/p>\n<p>[\/et_pb_blurb][\/et_pb_column][\/et_pb_row][et_pb_row column_structure=&#8221;3_4,1_4&#8243; use_custom_gutter=&#8221;on&#8221; gutter_width=&#8221;2&#8243; _builder_version=&#8221;4.27.4&#8243; _module_preset=&#8221;3d813672-2aa7-4eff-ac80-18308a5447e7&#8243; background_color=&#8221;#d1d9c1&#8243; z_index=&#8221;11&#8243; custom_margin=&#8221;||20px||false|false&#8221; custom_padding=&#8221;20px|20px|20px|20px|true|true&#8221; sticky_position=&#8221;top&#8221; sticky_limit_bottom=&#8221;section&#8221; sticky_offset_surrounding=&#8221;off&#8221; sticky_position_tablet=&#8221;none&#8221; sticky_position_phone=&#8221;none&#8221; sticky_position_last_edited=&#8221;on|tablet&#8221; custom_css_main_element=&#8221;display: flex;||flex-wrap: wrap;||align-items: center;&#8221; global_colors_info=&#8221;{}&#8221;][et_pb_column type=&#8221;3_4&#8243; _builder_version=&#8221;4.27.4&#8243; _module_preset=&#8221;default&#8221; global_colors_info=&#8221;{}&#8221;][et_pb_blurb title=&#8221;(3)&#8221; admin_label=&#8221;Ashtanga Yoga&#8221; _builder_version=&#8221;4.27.4&#8243; _module_preset=&#8221;default&#8221; header_font=&#8221;||||||||&#8221; header_text_align=&#8221;center&#8221; header_text_color=&#8221;#477a00&#8243; header_font_size=&#8221;44px&#8221; body_font=&#8221;|700|||||||&#8221; body_text_align=&#8221;center&#8221; body_text_color=&#8221;#666666&#8243; body_font_size=&#8221;17px&#8221; body_letter_spacing=&#8221;1px&#8221; background_color=&#8221;rgba(255,255,255,0.6)&#8221; min_height=&#8221;217px&#8221; custom_padding=&#8221;30px|15px|30px|15px|true|true&#8221; header_font_size_tablet=&#8221;38px&#8221; header_font_size_phone=&#8221;32px&#8221; header_font_size_last_edited=&#8221;on|desktop&#8221; global_colors_info=&#8221;{}&#8221; unfold_btn_background__hover_enabled=&#8221;on|hover&#8221; unfold_btn_background__hover=&#8221;#000000&#8243; unfold_btn_border_size__hover_enabled=&#8221;on|hover&#8221; unfold_btn_border_size__hover=&#8221;0px&#8221;]<\/p>\n<p>Soutien aux projets g\u00e9n\u00e9rateurs de revenu, permettant de passer d&#8217;une logique de subsistance \u00e0 une logique de d\u00e9veloppement \u00e9conomique p\u00e9renne en faveur des coop\u00e9ratives, TPME et des jeunes.<\/p>\n<p>[\/et_pb_blurb][\/et_pb_column][et_pb_column type=&#8221;1_4&#8243; _builder_version=&#8221;4.27.4&#8243; _module_preset=&#8221;default&#8221; global_colors_info=&#8221;{}&#8221;][et_pb_image src=&#8221;https:\/\/plateforme-dja-bernoussi.org\/wp-content\/uploads\/AlAmal-Bureaux.webp&#8221; title_text=&#8221;AlAmal-Bureaux&#8221; align=&#8221;center&#8221; _builder_version=&#8221;4.27.5&#8243; _module_preset=&#8221;default&#8221; width=&#8221;180px&#8221; module_alignment=&#8221;center&#8221; border_radii=&#8221;on|18px|18px|18px|18px&#8221; border_width_all=&#8221;2px&#8221; border_color_all=&#8221;#FFFFFF&#8221; box_shadow_style=&#8221;preset3&#8243; locked=&#8221;off&#8221; global_colors_info=&#8221;{}&#8221;][\/et_pb_image][\/et_pb_column][\/et_pb_row][\/et_pb_section]<\/p>\n","protected":false},"excerpt":{"rendered":"<p>La plateforme offre des espaces d&#8217;accueil, d&#8217;\u00e9coute et d&#8217;orientation, d&#8217;accompagnement \u00e0 l&#8217;entrepreunariat et \u00e0 l&#8217;emploi et de renforcement des comp\u00e9tences. Des \u00e9quipes sp\u00e9cialis\u00e9es dans l&#8217;orientation et l&#8217;\u00e9coute accompagneront les b\u00e9n\u00e9ficiaires dans le processus de conception de leurs projets ou dans leur insertion professionnelle. La plateforme permet aux jeunes de tirer partie du Programme int\u00e9gr\u00e9 d&#8217;appui [&hellip;]<\/p>\n","protected":false},"author":1,"featured_media":0,"parent":325325,"menu_order":0,"comment_status":"closed","ping_status":"closed","template":"","meta":{"_et_pb_use_builder":"on","_et_pb_old_content":"","_et_gb_content_width":"","footnotes":""},"class_list":["post-344594","page","type-page","status-publish","hentry"],"_links":{"self":[{"href":"https:\/\/plateforme-dja-bernoussi.org\/ar\/wp-json\/wp\/v2\/pages\/344594","targetHints":{"allow":["GET"]}}],"collection":[{"href":"https:\/\/plateforme-dja-bernoussi.org\/ar\/wp-json\/wp\/v2\/pages"}],"about":[{"href":"https:\/\/plateforme-dja-bernoussi.org\/ar\/wp-json\/wp\/v2\/types\/page"}],"author":[{"embeddable":true,"href":"https:\/\/plateforme-dja-bernoussi.org\/ar\/wp-json\/wp\/v2\/users\/1"}],"replies":[{"embeddable":true,"href":"https:\/\/plateforme-dja-bernoussi.org\/ar\/wp-json\/wp\/v2\/comments?post=344594"}],"version-history":[{"count":0,"href":"https:\/\/plateforme-dja-bernoussi.org\/ar\/wp-json\/wp\/v2\/pages\/344594\/revisions"}],"up":[{"embeddable":true,"href":"https:\/\/plateforme-dja-bernoussi.org\/ar\/wp-json\/wp\/v2\/pages\/325325"}],"wp:attachment":[{"href":"https:\/\/plateforme-dja-bernoussi.org\/ar\/wp-json\/wp\/v2\/media?parent=344594"}],"curies":[{"name":"wp","href":"https:\/\/api.w.org\/{rel}","templated":true}]}}