{"id":344597,"date":"2025-05-27T13:48:42","date_gmt":"2025-05-27T12:48:42","guid":{"rendered":"https:\/\/plateforme-dja-bernoussi.org\/?page_id=344597"},"modified":"2026-02-21T03:16:43","modified_gmt":"2026-02-21T03:16:43","slug":"qui-sommes-nous","status":"publish","type":"page","link":"https:\/\/plateforme-dja-bernoussi.org\/ar\/a-propos\/qui-sommes-nous\/","title":{"rendered":"\u0645\u0646 \u0646\u062d\u0646\u061f"},"content":{"rendered":"<p>[et_pb_section fb_built=&#8221;1&#8243; admin_label=&#8221;\u00e0-Considerer-02&#8243; _builder_version=&#8221;4.27.5&#8243; _module_preset=&#8221;default&#8221; use_background_color_gradient=&#8221;on&#8221; background_color_gradient_direction=&#8221;90deg&#8221; background_color_gradient_stops=&#8221;gcid-23724ce2-0c87-46ef-b3a9-f59ca8214a3d 25%|gcid-945a92b6-7465-4c13-ba21-357c7904acac 25%|rgba(255,255,255,0) 25%|rgba(255,255,255,0) 100%|#f4f5f7 100%&#8221; custom_padding=&#8221;0px||0px||true|false&#8221; background_last_edited=&#8221;on|desktop&#8221; use_background_color_gradient_tablet=&#8221;on&#8221; background_color_gradient_stops_tablet=&#8221;#f4f5f7 50%|#ffffff 100%|rgba(208,112,114,0.51) 100%|rgba(191,91,4,0.5) 100%|rgba(244, 245, 247, 1) 100%&#8221; locked=&#8221;off&#8221; collapsed=&#8221;on&#8221; global_colors_info=&#8221;{%22gcid-945a92b6-7465-4c13-ba21-357c7904acac%22:%91%22background_color_gradient_stops%22%93,%22gcid-23724ce2-0c87-46ef-b3a9-f59ca8214a3d%22:%91%22background_color_gradient_stops%22%93}&#8221;][et_pb_row column_structure=&#8221;1_4,3_4&#8243; make_equal=&#8221;on&#8221; _builder_version=&#8221;4.27.4&#8243; _module_preset=&#8221;298976a6-a57b-47de-b98e-045de44718a6&#8243; global_colors_info=&#8221;{}&#8221;][et_pb_column type=&#8221;1_4&#8243; module_class=&#8221;vertical-align&#8221; _builder_version=&#8221;4.27.4&#8243; _module_preset=&#8221;default&#8221; global_colors_info=&#8221;{}&#8221;][et_pb_image src=&#8221;https:\/\/plateforme-dja-bernoussi.org\/wp-content\/uploads\/Logo-INDH-Accueil.webp&#8221; title_text=&#8221;Logo-INDH-Accueil&#8221; _builder_version=&#8221;4.27.5&#8243; _module_preset=&#8221;default&#8221; background_color=&#8221;#FFFFFF&#8221; box_shadow_style=&#8221;preset3&#8243; box_shadow_color=&#8221;rgba(0,0,0,0.54)&#8221; global_colors_info=&#8221;{}&#8221;][\/et_pb_image][\/et_pb_column][et_pb_column type=&#8221;3_4&#8243; module_class=&#8221;vertical-align&#8221; _builder_version=&#8221;4.27.4&#8243; _module_preset=&#8221;default&#8221; global_colors_info=&#8221;{}&#8221;][et_pb_text _builder_version=&#8221;4.27.5&#8243; _module_preset=&#8221;default&#8221; text_font_size=&#8221;57px&#8221; text_line_height=&#8221;1.3em&#8221; text_orientation=&#8221;center&#8221; custom_margin=&#8221;||0px||false|false&#8221; custom_padding=&#8221;||||false|false&#8221; text_font_size_tablet=&#8221;44px&#8221; text_font_size_phone=&#8221;28px&#8221; text_font_size_last_edited=&#8221;on|phone&#8221; text_line_height_last_edited=&#8221;off|phone&#8221; global_colors_info=&#8221;{}&#8221; text_line_height__hover_enabled=&#8221;off|desktop&#8221;]Ce qu&#8217;il faut savoir \u00e0 propos de la<br \/>\nPlateforme des Jeunes<br \/>\n<span style=\"color: #452971;\">AL AMAL Sidi Bernoussi<\/span>[\/et_pb_text][dipl_separator line_type=&#8221;double&#8221; use_with=&#8221;icon&#8221; separator_color=&#8221;rgba(0,0,0,0.2)&#8221; font_icon=&#8221;&#xf091;||fa||900&#8243; icon_color=&#8221;gcid-23724ce2-0c87-46ef-b3a9-f59ca8214a3d&#8221; use_icon_font_size=&#8221;on&#8221; _builder_version=&#8221;4.27.5&#8243; _module_preset=&#8221;default&#8221; module_alignment=&#8221;center&#8221; custom_margin=&#8221;0px||0px||true|false&#8221; custom_padding=&#8221;10px||10px||true|false&#8221; global_colors_info=&#8221;{%22gcid-23724ce2-0c87-46ef-b3a9-f59ca8214a3d%22:%91%22icon_color%22%93}&#8221;][\/dipl_separator][\/et_pb_column][\/et_pb_row][\/et_pb_section][et_pb_section fb_built=&#8221;1&#8243; _builder_version=&#8221;4.27.4&#8243; _module_preset=&#8221;default&#8221; global_colors_info=&#8221;{}&#8221;][et_pb_row _builder_version=&#8221;4.27.4&#8243; _module_preset=&#8221;e9ea8d04-ad91-49a9-8237-857c1c21241b&#8221; global_colors_info=&#8221;{}&#8221;][et_pb_column type=&#8221;4_4&#8243; _builder_version=&#8221;4.27.4&#8243; _module_preset=&#8221;default&#8221; global_colors_info=&#8221;{}&#8221;][et_pb_text _builder_version=&#8221;4.27.5&#8243; _module_preset=&#8221;default&#8221; text_font_size=&#8221;17px&#8221; hover_enabled=&#8221;0&#8243; global_colors_info=&#8221;{}&#8221; sticky_enabled=&#8221;0&#8243;]<\/p>\n<p>La plateforme des jeunes <strong>Al Amal<\/strong> Sidi Bernoussi est un projet r\u00e9alis\u00e9 dans le cadre du programme III de l&#8217;INDH qui a pour objectifs:<\/p>\n<ul>\n<li>L&#8217;am\u00e9lioration du revenu et l&#8217;inclusion \u00e9conomique des jeunes<\/li>\n<li>La contribution \u00e0 l&#8217;am\u00e9lioration de la situation \u00e9conomique et sociale des populations d\u00e9favoris\u00e9es, notamment les jeunes, par l&#8217;accompagnement \u00e0 l&#8217;emploi, \u00e0 l&#8217;entreprenariat ainsi qu&#8217;\u00e0 l&#8217;appui aux projets s&#8217;inscrivant dans l&#8217;\u00e9conomie sociale et solidaire.<\/li>\n<\/ul>\n<p>[\/et_pb_text][et_pb_text _builder_version=&#8221;4.27.4&#8243; _module_preset=&#8221;default&#8221; text_font_size=&#8221;17px&#8221; global_colors_info=&#8221;{}&#8221;]<\/p>\n<h2>Rappel des programmes de la Phase III de l&#8217;INDH (2019-2023)<\/h2>\n<p><strong>La phase III se fixe deux objectifs<\/strong>:<\/p>\n<ol>\n<li>Pr\u00e9server la dignit\u00e9 et am\u00e9liorer les conditions de vie en ligne avec la dynamique impuls\u00e9e depuis 2005<\/li>\n<li>B\u00e2tir l&#8217;avenir en s&#8217;attaquant directement aux principaux freins au d\u00e9veloppement humain tout au long des \u00e9tapes de vie.<\/li>\n<\/ol>\n<p><strong>Cette phase s&#8217;articule autour de quatre programmes<\/strong><\/p>\n<ul>\n<li><strong>Programme 1<\/strong>: Rattrapage des d\u00e9ficits en infrastructures et services sociaux de base<\/li>\n<li><strong>Programme 2<\/strong>: Accompagnement des personnes en situation de pr\u00e9carit\u00e9<\/li>\n<li><strong>Programme 3<\/strong>: Am\u00e9lioration du revenu et inclusion \u00e9conomique des jeunes.<\/li>\n<li><strong>Programme 4<\/strong>: Impulsion du capital humain des g\u00e9n\u00e9rations montantes<\/li>\n<\/ul>\n<p>Pour plus de d\u00e9tails sur les diff\u00e9rents programmes, <strong><a href=\"http:\/\/www.indh.ma\" target=\"_blank\" rel=\"noopener\">\u2192 visitez le site de l&#8217;INDH \u2190<\/a><\/strong><\/p>\n<p>[\/et_pb_text][\/et_pb_column][\/et_pb_row][\/et_pb_section][et_pb_section fb_built=&#8221;1&#8243; admin_label=&#8221;\u00e0-Considerer-02&#8243; _builder_version=&#8221;4.27.5&#8243; _module_preset=&#8221;default&#8221; background_color=&#8221;gcid-fc0087e2-f330-4d24-8289-99d0edd3f0fd&#8221; use_background_color_gradient=&#8221;on&#8221; background_color_gradient_direction=&#8221;90deg&#8221; background_color_gradient_stops=&#8221;rgba(255,255,255,0) 75%|gcid-1790dd6d-3068-4678-a106-25d1ebad94b9 75%|gcid-23724ce2-0c87-46ef-b3a9-f59ca8214a3d 100%|gcid-23724ce2-0c87-46ef-b3a9-f59ca8214a3d 100%&#8221; custom_padding=&#8221;0px||0px||true|false&#8221; background_last_edited=&#8221;on|phone&#8221; use_background_color_gradient_tablet=&#8221;on&#8221; background_color_gradient_stops_tablet=&#8221;#f4f5f7 50%|#ffffff 100%|rgba(208,112,114,0.51) 100%|rgba(191,91,4,0.5) 100%|rgba(244, 245, 247, 1) 100%&#8221; locked=&#8221;off&#8221; collapsed=&#8221;on&#8221; global_colors_info=&#8221;{%22gcid-945a92b6-7465-4c13-ba21-357c7904acac%22:%91%22background_color_gradient_stops%22%93,%22gcid-1790dd6d-3068-4678-a106-25d1ebad94b9%22:%91%22background_color_gradient_stops%22%93,%22gcid-fc0087e2-f330-4d24-8289-99d0edd3f0fd%22:%91%22background_color%22%93,%22gcid-23724ce2-0c87-46ef-b3a9-f59ca8214a3d%22:%91%22background_color_gradient_stops%22%93}&#8221;][et_pb_row column_structure=&#8221;3_4,1_4&#8243; make_equal=&#8221;on&#8221; _builder_version=&#8221;4.27.4&#8243; _module_preset=&#8221;298976a6-a57b-47de-b98e-045de44718a6&#8243; global_colors_info=&#8221;{}&#8221;][et_pb_column type=&#8221;3_4&#8243; module_class=&#8221;vertical-align&#8221; _builder_version=&#8221;4.27.4&#8243; _module_preset=&#8221;default&#8221; global_colors_info=&#8221;{}&#8221;][et_pb_text _builder_version=&#8221;4.27.5&#8243; _module_preset=&#8221;default&#8221; text_font_size=&#8221;57px&#8221; text_line_height=&#8221;1.3em&#8221; text_orientation=&#8221;center&#8221; custom_margin=&#8221;||0px||false|false&#8221; custom_padding=&#8221;||||false|false&#8221; text_font_size_tablet=&#8221;44px&#8221; text_font_size_phone=&#8221;28px&#8221; text_font_size_last_edited=&#8221;on|phone&#8221; text_line_height_last_edited=&#8221;off|phone&#8221; global_colors_info=&#8221;{}&#8221; text_line_height__hover_enabled=&#8221;off|desktop&#8221;]<\/p>\n<p>La Plateforme des Jeunes <br \/><span style=\"color: #452971;\">AL AMAL Sidi Bernoussi<\/span><\/p>\n<p>[\/et_pb_text][dipl_separator line_type=&#8221;double&#8221; use_with=&#8221;icon&#8221; separator_color=&#8221;rgba(0,0,0,0.2)&#8221; font_icon=&#8221;&#xe033;||divi||400&#8243; icon_color=&#8221;gcid-23724ce2-0c87-46ef-b3a9-f59ca8214a3d&#8221; use_icon_font_size=&#8221;on&#8221; _builder_version=&#8221;4.27.5&#8243; _module_preset=&#8221;default&#8221; module_alignment=&#8221;center&#8221; custom_margin=&#8221;0px||0px||true|false&#8221; custom_padding=&#8221;10px||10px||true|false&#8221; global_colors_info=&#8221;{%22gcid-23724ce2-0c87-46ef-b3a9-f59ca8214a3d%22:%91%22icon_color%22%93}&#8221;][\/dipl_separator][\/et_pb_column][et_pb_column type=&#8221;1_4&#8243; module_class=&#8221;vertical-align&#8221; _builder_version=&#8221;4.27.4&#8243; _module_preset=&#8221;default&#8221; global_colors_info=&#8221;{}&#8221;][dipl_rotating_text text=&#8221;Plateforme des jeunes Al Amal -Sidi Bernoussi-&#8221; use_image=&#8221;on&#8221; image=&#8221;https:\/\/plateforme-dja-bernoussi.org\/wp-content\/uploads\/Icon-Amal-2-Rond.webp&#8221; circle_size=&#8221;190px&#8221; circle_animation_speed=&#8221;28000ms&#8221; image_icon_size=&#8221;130px&#8221; image_icon_custom_padding=&#8221;0px|0px|0px|0px|on|on&#8221; _builder_version=&#8221;4.27.5&#8243; _module_preset=&#8221;default&#8221; text_font=&#8221;|||on|||||&#8221; text_font_size=&#8221;15px&#8221; module_alignment=&#8221;center&#8221; custom_css_main_element=&#8221;display: flex;||justify-content: center;||align-items: center;||margin: 0 auto;&#8221; locked=&#8221;off&#8221; global_colors_info=&#8221;{}&#8221;][\/dipl_rotating_text][\/et_pb_column][\/et_pb_row][\/et_pb_section][et_pb_section fb_built=&#8221;1&#8243; _builder_version=&#8221;4.27.4&#8243; _module_preset=&#8221;default&#8221; background_color=&#8221;gcid-fc0087e2-f330-4d24-8289-99d0edd3f0fd&#8221; locked=&#8221;off&#8221; global_colors_info=&#8221;{%22gcid-fc0087e2-f330-4d24-8289-99d0edd3f0fd%22:%91%22background_color%22%93}&#8221;][et_pb_row _builder_version=&#8221;4.27.4&#8243; _module_preset=&#8221;e9ea8d04-ad91-49a9-8237-857c1c21241b&#8221; global_colors_info=&#8221;{}&#8221;][et_pb_column type=&#8221;4_4&#8243; _builder_version=&#8221;4.27.4&#8243; _module_preset=&#8221;default&#8221; global_colors_info=&#8221;{}&#8221;][et_pb_text _builder_version=&#8221;4.27.4&#8243; _module_preset=&#8221;default&#8221; text_font_size=&#8221;17px&#8221; global_colors_info=&#8221;{}&#8221;]<\/p>\n<p><strong>La plateforme est un espace d\u00e9di\u00e9 aux jeunes de la Pr\u00e9fecture d&#8217;arrondissements de Sidi Bernoussi, entre 18 et 45 ans.<br \/><\/strong><strong>Sa mission principale est l&#8217;accueil, l&#8217;\u00e9coute, l&#8217;orientation et l&#8217;accompagnement des jeunes.<\/strong><\/p>\n<p>La cr\u00e9ation de cette plateforme entre dans le cadre de la 3\u00e8me phase de l&#8217;INDH 2019-2023, notamment le programme 3 \u00ab l&#8217;am\u00e9lioration des revenus et l&#8217;inclusion \u00e9conomique des jeunes \u00bb visant l&#8217;am\u00e9lioration de la situation \u00e9conomique et sociale des populations d\u00e9favoris\u00e9es, surtout les jeunes, par \u00e0 l&#8217;emploi, \u00e0 l&#8217;entrepreunariat ainsi qu&#8217;\u00e0 l&#8217;appui aux projets s&#8217;inscrivant dans l&#8217;\u00e9conomie sociale et solidaire.<\/p>\n<p>Cette structure d\u00e9di\u00e9e principalement \u00e0 l&#8217;\u00e9coute, l&#8217;orientation et l&#8217;accompagnement est dot\u00e9e des espaces de travail en commun (coworking spaces), offrant ainsi aux jeunes l&#8217;acc\u00e8s \u00e0 l&#8217;information et le r\u00e9seautage, des opportunit\u00e9s en mati\u00e8re d&#8217;employabilit\u00e9, ainsi que le soutien \u00e0 l&#8217;entrepreunariat.<\/p>\n<p>La plateforme des jeunes comporte plusieurs espaces, \u00e0 savoir:<\/p>\n<ul>\n<li>Un espace d&#8217;accueil<\/li>\n<li>Un espace d&#8217;\u00e9coute et d&#8217;orientation<\/li>\n<li>Un espace d&#8217;accompagnement, d\u00e9di\u00e9 \u00e0 l&#8217;aide \u00e0 l&#8217;employabilit\u00e9, le soutien \u00e0 l&#8217;entrepreunariat et l&#8217;appui \u00e0 l&#8217;\u00e9conomie sociale et solidaire<\/li>\n<\/ul>\n<p>[\/et_pb_text][\/et_pb_column][\/et_pb_row][\/et_pb_section]<\/p>\n","protected":false},"excerpt":{"rendered":"<p>Ce qu&#8217;il faut savoir \u00e0 propos de la Plateforme des Jeunes AL AMAL Sidi Bernoussi<div class=\"et_pb_module dipl_separator dipl_separator_0\">\n\t\t\t\t\n\t\t\t\t\n\t\t\t\t\n\t\t\t\t\n\t\t\t\t\n\t\t\t\t\n\t\t\t\t<div class=\"et_pb_module_inner\">\n\t\t\t\t\t<div class=\"dipl_separator_container align_center\">\n\t\t\t\t\t\t\t\t\t<div class=\"dipl_line dipl_line_before\"><\/div>\n\t\t\t\t\t\t\t\t\t\t\n\t\t\t\t\t\t\t\t\t\t<div class=\"dipl-icon-wrapper\"><span class=\"et-pb-icon \">&#xf091;<\/span><\/div>\n\t\t\t\t\t\t\t\t\t\t\n\t\t\t\t\t\t\t\t\t<div class=\"dipl_line dipl_line_after\"><\/div>\n\t\t\t\t\t\t\t\t<\/div>\n\t\t\t\t<\/div>\n\t\t\t<\/div>La plateforme des jeunes Al Amal Sidi Bernoussi est un projet r\u00e9alis\u00e9 dans le cadre du programme III de l&#8217;INDH qui a pour objectifs: L&#8217;am\u00e9lioration du revenu et l&#8217;inclusion [&hellip;]<\/p>\n","protected":false},"author":1,"featured_media":0,"parent":325325,"menu_order":0,"comment_status":"closed","ping_status":"closed","template":"","meta":{"_et_pb_use_builder":"on","_et_pb_old_content":"","_et_gb_content_width":"","footnotes":""},"class_list":["post-344597","page","type-page","status-publish","hentry"],"_links":{"self":[{"href":"https:\/\/plateforme-dja-bernoussi.org\/ar\/wp-json\/wp\/v2\/pages\/344597","targetHints":{"allow":["GET"]}}],"collection":[{"href":"https:\/\/plateforme-dja-bernoussi.org\/ar\/wp-json\/wp\/v2\/pages"}],"about":[{"href":"https:\/\/plateforme-dja-bernoussi.org\/ar\/wp-json\/wp\/v2\/types\/page"}],"author":[{"embeddable":true,"href":"https:\/\/plateforme-dja-bernoussi.org\/ar\/wp-json\/wp\/v2\/users\/1"}],"replies":[{"embeddable":true,"href":"https:\/\/plateforme-dja-bernoussi.org\/ar\/wp-json\/wp\/v2\/comments?post=344597"}],"version-history":[{"count":0,"href":"https:\/\/plateforme-dja-bernoussi.org\/ar\/wp-json\/wp\/v2\/pages\/344597\/revisions"}],"up":[{"embeddable":true,"href":"https:\/\/plateforme-dja-bernoussi.org\/ar\/wp-json\/wp\/v2\/pages\/325325"}],"wp:attachment":[{"href":"https:\/\/plateforme-dja-bernoussi.org\/ar\/wp-json\/wp\/v2\/media?parent=344597"}],"curies":[{"name":"wp","href":"https:\/\/api.w.org\/{rel}","templated":true}]}}