{"id":344634,"date":"2025-05-27T14:06:31","date_gmt":"2025-05-27T13:06:31","guid":{"rendered":"https:\/\/plateforme-dja-bernoussi.org\/?page_id=344634"},"modified":"2026-02-15T14:16:51","modified_gmt":"2026-02-15T14:16:51","slug":"acces-reserve","status":"publish","type":"page","link":"https:\/\/plateforme-dja-bernoussi.org\/ar\/menu-plus\/acces-reserve\/","title":{"rendered":"\u0641\u0636\u0627\u0621 \u062e\u0627\u0635"},"content":{"rendered":"<p>[et_pb_section fb_built=&#8221;1&#8243; _builder_version=&#8221;4.27.4&#8243; _module_preset=&#8221;default&#8221; background_color=&#8221;gcid-fc0087e2-f330-4d24-8289-99d0edd3f0fd&#8221; global_colors_info=&#8221;{%22gcid-fc0087e2-f330-4d24-8289-99d0edd3f0fd%22:%91%22background_color%22%93}&#8221;][et_pb_row column_structure=&#8221;1_2,1_2&#8243; use_custom_gutter=&#8221;on&#8221; gutter_width=&#8221;2&#8243; make_equal=&#8221;on&#8221; _builder_version=&#8221;4.27.5&#8243; _module_preset=&#8221;default&#8221; background_color=&#8221;#f5f5f5&#8243; max_width=&#8221;800px&#8221; display_conditions=&#8221;W3siaWQiOiIwYzJiZGUxMi1iYTA1LTQ5ODQtYTI0Yi1hMzk3ZDc3ZjE4ZmYiLCJjb25kaXRpb24iOiJsb2dnZWRJblN0YXR1cyIsImNvbmRpdGlvblNldHRpbmdzIjp7ImRpc3BsYXlSdWxlIjoibG9nZ2VkT3V0IiwiYWRtaW5MYWJlbCI6IlN0YXR1dCBkZSBjb25uZXhpb24iLCJlbmFibGVDb25kaXRpb24iOiJvbiJ9LCJvcGVyYXRvciI6Ik9SIn1d&#8221; custom_padding=&#8221;|1vw||1vw|false|true&#8221; hover_enabled=&#8221;0&#8243; border_width_all=&#8221;4px&#8221; border_color_all=&#8221;#FFFFFF&#8221; box_shadow_style=&#8221;preset3&#8243; box_shadow_color=&#8221;rgba(0,0,0,0.54)&#8221; global_colors_info=&#8221;{}&#8221; sticky_enabled=&#8221;0&#8243;][et_pb_column type=&#8221;1_2&#8243; module_class=&#8221;vertical-align&#8221; _builder_version=&#8221;4.27.5&#8243; _module_preset=&#8221;default&#8221; hover_enabled=&#8221;0&#8243; global_colors_info=&#8221;{}&#8221; title_text=&#8221;Amal-Rond&#8221; sticky_enabled=&#8221;0&#8243; background_enable_pattern_style=&#8221;on&#8221; background_pattern_style=&#8221;diagonal-stripes-2&#8243; background_pattern_color=&#8221;rgba(0,0,0,0.03)&#8221; border_width_all=&#8221;1px&#8221; border_color_all=&#8221;#FFFFFF&#8221;][et_pb_text _builder_version=&#8221;4.27.5&#8243; _module_preset=&#8221;default&#8221; header_4_text_color=&#8221;gcid-06dcfd06-67b3-4454-bb8e-1ef4aa7e02f9&#8243; hover_enabled=&#8221;0&#8243; global_colors_info=&#8221;{%22gcid-06dcfd06-67b3-4454-bb8e-1ef4aa7e02f9%22:%91%22header_4_text_color%22%93}&#8221; sticky_enabled=&#8221;0&#8243; header_4_text_align=&#8221;center&#8221;]<\/p>\n<h4>Acc\u00e8s r\u00e9serv\u00e9. Veuillez vous authentifier<\/h4>\n<p>[\/et_pb_text][et_pb_image src=&#8221;https:\/\/plateforme-dja-bernoussi.org\/wp-content\/uploads\/Amal-Rond.webp&#8221; _builder_version=&#8221;4.27.5&#8243; _module_preset=&#8221;default&#8221; title_text=&#8221;Amal-Rond&#8221; align=&#8221;center&#8221; width=&#8221;130px&#8221; hover_enabled=&#8221;0&#8243; sticky_enabled=&#8221;0&#8243;][\/et_pb_image][\/et_pb_column][et_pb_column type=&#8221;1_2&#8243; module_class=&#8221;vertical-align&#8221; _builder_version=&#8221;4.27.5&#8243; _module_preset=&#8221;default&#8221; hover_enabled=&#8221;0&#8243; global_colors_info=&#8221;{}&#8221; sticky_enabled=&#8221;0&#8243; background_enable_pattern_style=&#8221;on&#8221; background_pattern_style=&#8221;diagonal-stripes-2&#8243; background_pattern_color=&#8221;rgba(0,0,0,0.03)&#8221; background_pattern_transform=&#8221;flip_horizontal&#8221; border_width_all=&#8221;1px&#8221; border_color_all=&#8221;#FFFFFF&#8221; custom_padding=&#8221;|1vw||1vw|false|true&#8221;][et_pb_text _builder_version=&#8221;4.27.5&#8243; _module_preset=&#8221;default&#8221; hover_enabled=&#8221;0&#8243; global_colors_info=&#8221;{}&#8221; sticky_enabled=&#8221;0&#8243;]<\/p>\n<div class='fluentform ff-default fluentform_wrapper_6 ffs_modern_l_wrap'><form data-form_id=\"6\" id=\"fluentform_6\" class=\"frm-fluent-form fluent_form_6 ff-el-form-top ff_form_instance_6_1 ff-form-loading ffs_modern_l\" data-form_instance=\"ff_form_instance_6_1\" method=\"POST\" ><fieldset  style=\"border: none!important;margin: 0!important;padding: 0!important;background-color: transparent!important;box-shadow: none!important;outline: none!important; min-inline-size: 100%;\">\n                    <legend class=\"ff_screen_reader_title\" style=\"display: block; margin: 0!important;padding: 0!important;height: 0!important;text-indent: -999999px;width: 0!important;overflow:hidden;\">Login Form<\/legend><input type='hidden' name='__fluent_form_embded_post_id' value='344634' \/><input type=\"hidden\" id=\"_fluentform_6_fluentformnonce\" name=\"_fluentform_6_fluentformnonce\" value=\"ba4f1d84cb\" \/><input type=\"hidden\" name=\"_wp_http_referer\" value=\"\/ar\/wp-json\/wp\/v2\/pages\/344634\" \/><div class='ff-el-group'><div class=\"ff-el-input--label ff-el-is-required asterisk-right\"><label for='ff_6_email' id='label_ff_6_email' aria-label=\"E-mail\">E-mail<\/label><\/div><div class='ff-el-input--content'><input type=\"email\" name=\"email\" id=\"ff_6_email\" class=\"ff-el-form-control\" placeholder=\"Votre adresse Email\" data-name=\"email\" tabindex=\"1\"  aria-invalid=\"false\" aria-required=true><\/div><\/div><div class='ff-el-group'><div class=\"ff-el-input--label ff-el-is-required asterisk-right\"><label for='ff_6_password' id='label_ff_6_password' aria-label=\"Mot de passe\">Mot de passe<\/label><\/div><div class='ff-el-input--content'><input type=\"password\" name=\"password\" id=\"ff_6_password\" class=\"ff-el-form-control\" placeholder=\"Votre mot de passe\" data-name=\"password\" tabindex=\"2\"  aria-invalid=\"false\" aria-required=true><\/div><\/div><div class='ff-el-group ' ><div class='ff-el-input--content'><div data-fluent_id='6' name='g-recaptcha-response'><div\n\t\tdata-sitekey='6LeY5zsrAAAAAGd_qVlvYgcFlr04fwcs6OKbB394'\n\t\tid='fluentform-recaptcha-6-1'\n\t\tclass='ff-el-recaptcha g-recaptcha'\n\t\tdata-callback='fluentFormrecaptchaSuccessCallback'><\/div><\/div><\/div><\/div><div class='ff-el-group ff-text-left ff_submit_btn_wrapper'><button type=\"submit\" class=\"ff-btn ff-btn-submit ff-btn-md ff_btn_style wpf_has_custom_css\" tabindex=\"3\"  aria-label=\"Validez votre acc\u00e8s\">Validez votre acc\u00e8s<\/button><\/div><\/fieldset><\/form><div id='fluentform_6_errors' class='ff-errors-in-stack ff_form_instance_6_1 ff-form-loading_errors ff_form_instance_6_1_errors'><\/div><\/div>            <script type=\"text\/javascript\">\n                window.fluent_form_ff_form_instance_6_1 = {\"id\":\"6\",\"ajaxUrl\":\"https:\\\/\\\/plateforme-dja-bernoussi.org\\\/wp-admin\\\/admin-ajax.php\",\"settings\":{\"layout\":{\"labelPlacement\":\"top\",\"asteriskPlacement\":\"asterisk-right\",\"helpMessagePlacement\":\"with_label\",\"errorMessagePlacement\":\"inline\",\"cssClassName\":\"\"},\"restrictions\":{\"denyEmptySubmission\":{\"enabled\":false}}},\"form_instance\":\"ff_form_instance_6_1\",\"form_id_selector\":\"fluentform_6\",\"rules\":{\"email\":{\"required\":{\"value\":true,\"message\":\"Ce champs est requis\",\"global_message\":\"Ce champs est requis\",\"global\":true},\"email\":{\"value\":true,\"message\":\"Ce champs doit contenir un email valide\",\"global_message\":\"Ce champs doit contenir un email valide\",\"global\":true}},\"password\":{\"required\":{\"value\":true,\"message\":\"Ce champs est requis\",\"global_message\":\"Ce champs est requis\",\"global\":true}}},\"debounce_time\":300};\n                            <\/script>\n            \n<p>[\/et_pb_text][\/et_pb_column][\/et_pb_row][et_pb_row use_custom_gutter=&#8221;on&#8221; gutter_width=&#8221;2&#8243; make_equal=&#8221;on&#8221; _builder_version=&#8221;4.27.5&#8243; _module_preset=&#8221;default&#8221; background_color=&#8221;#f5f5f5&#8243; max_width=&#8221;800px&#8221; display_conditions=&#8221;W3siaWQiOiIwYzJiZGUxMi1iYTA1LTQ5ODQtYTI0Yi1hMzk3ZDc3ZjE4ZmYiLCJjb25kaXRpb24iOiJsb2dnZWRJblN0YXR1cyIsImNvbmRpdGlvblNldHRpbmdzIjp7ImRpc3BsYXlSdWxlIjoibG9nZ2VkSW4iLCJhZG1pbkxhYmVsIjoiU3RhdHV0IGRlIGNvbm5leGlvbiIsImVuYWJsZUNvbmRpdGlvbiI6Im9uIn0sIm9wZXJhdG9yIjoiT1IifV0=&#8221; custom_padding=&#8221;|1vw||1vw|false|true&#8221; border_width_all=&#8221;4px&#8221; border_color_all=&#8221;#FFFFFF&#8221; box_shadow_style=&#8221;preset3&#8243; box_shadow_color=&#8221;rgba(0,0,0,0.54)&#8221; global_colors_info=&#8221;{}&#8221;][et_pb_column type=&#8221;4_4&#8243; module_class=&#8221;vertical-align&#8221; _builder_version=&#8221;4.27.5&#8243; _module_preset=&#8221;default&#8221; global_colors_info=&#8221;{}&#8221;][et_pb_text _builder_version=&#8221;4.27.5&#8243; _module_preset=&#8221;default&#8221; header_4_text_align=&#8221;center&#8221; header_4_text_color=&#8221;gcid-06dcfd06-67b3-4454-bb8e-1ef4aa7e02f9&#8243; global_colors_info=&#8221;{%22gcid-06dcfd06-67b3-4454-bb8e-1ef4aa7e02f9%22:%91%22header_4_text_color%22%93}&#8221;]<\/p>\n<h4>Vous \u00eates d\u00e9j\u00e0 connect\u00e9(e) en tant que {}<\/h4>\n<p>[\/et_pb_text][et_pb_text _builder_version=&#8221;4.27.5&#8243; _module_preset=&#8221;default&#8221; text_orientation=&#8221;center&#8221; custom_margin=&#8221;-17px||||false|false&#8221; global_colors_info=&#8221;{}&#8221;]<\/p>\n<p>Que voulez-vous faire\u00a0 ?<\/p>\n<p>[\/et_pb_text][et_pb_text _builder_version=&#8221;4.27.5&#8243; _dynamic_attributes=&#8221;link_option_url&#8221; _module_preset=&#8221;default&#8221; text_font=&#8221;|||on|||||&#8221; text_font_size=&#8221;15px&#8221; text_line_height=&#8221;2em&#8221; background_color=&#8221;gcid-dd7eda48-7de5-4247-b606-6a6783a180ac&#8221; display_conditions=&#8221;W3siaWQiOiJmYzQ5YTE4NC05MDBiLTQzMjktYTE4Yy1jOGRjYWI2YTNkODIiLCJjb25kaXRpb24iOiJsb2dnZWRJblN0YXR1cyIsImNvbmRpdGlvblNldHRpbmdzIjp7ImRpc3BsYXlSdWxlIjoibG9nZ2VkSW4iLCJhZG1pbkxhYmVsIjoiU3RhdHV0IGRlIGNvbm5leGlvbiIsImVuYWJsZUNvbmRpdGlvbiI6Im9uIn0sIm9wZXJhdG9yIjoiT1IifSx7ImlkIjoiZjM0MWNiYmItM2QwZC00MDM2LThjYjItNzA1NGMxZTM3YjJjIiwiY29uZGl0aW9uIjoidXNlclJvbGUiLCJjb25kaXRpb25TZXR0aW5ncyI6eyJkaXNwbGF5UnVsZSI6ImlzIiwidXNlclJvbGVzIjpbeyJsYWJlbCI6IkFkbWluaXN0cmF0b3IiLCJ2YWx1ZSI6ImFkbWluaXN0cmF0b3IifSx7ImxhYmVsIjoiRWRpdG9yIiwidmFsdWUiOiJlZGl0b3IifSx7ImxhYmVsIjoiU3Vic2NyaWJlciIsInZhbHVlIjoic3Vic2NyaWJlciJ9XSwidXNlcklkcyI6IlVzZXIgSURzIHNlcGFyYXRlZCBieSBjb21tYXMiLCJhZG1pbkxhYmVsIjoiUsO0bGUgZCYjMDM5O3V0aWxpc2F0ZXVyIiwiZW5hYmxlQ29uZGl0aW9uIjoib24ifSwib3BlcmF0b3IiOiJPUiJ9XQ==&#8221; custom_margin=&#8221;|11vw|3vh|11vw|false|true&#8221; custom_padding=&#8221;8px||8px|8px|true|false&#8221; link_option_url=&#8221;@ET-DC@eyJkeW5hbWljIjp0cnVlLCJjb250ZW50IjoicG9zdF9saW5rX3VybF9wYWdlIiwic2V0dGluZ3MiOnsicG9zdF9pZCI6IjM0NTQxOSJ9fQ==@&#8221; border_width_all=&#8221;4px&#8221; border_color_all=&#8221;#FFFFFF&#8221; border_width_top=&#8221;1px&#8221; border_color_top=&#8221;#FFFFFF&#8221; border_width_right=&#8221;1px&#8221; border_color_right=&#8221;#FFFFFF&#8221; border_width_bottom=&#8221;1px&#8221; border_color_bottom=&#8221;#FFFFFF&#8221; border_width_left=&#8221;8px&#8221; border_color_left=&#8221;#a5a096&#8243; box_shadow_style=&#8221;preset3&#8243; locked=&#8221;off&#8221; global_colors_info=&#8221;{%22gcid-dd7eda48-7de5-4247-b606-6a6783a180ac%22:%91%22background_color__hover%22%93}&#8221; border_width_left__hover_enabled=&#8221;on|hover&#8221; border_width_left__hover=&#8221;28px&#8221;]<\/p>\n<p>Voir la Liste des inscriptions<\/p>\n<p>[\/et_pb_text][et_pb_text _builder_version=&#8221;4.27.5&#8243; _module_preset=&#8221;default&#8221; text_font=&#8221;|||on|||||&#8221; text_text_color=&#8221;#B21B18&#8243; text_font_size=&#8221;15px&#8221; text_line_height=&#8221;2em&#8221; background_color=&#8221;gcid-dd7eda48-7de5-4247-b606-6a6783a180ac&#8221; display_conditions=&#8221;W3siaWQiOiJmYzQ5YTE4NC05MDBiLTQzMjktYTE4Yy1jOGRjYWI2YTNkODIiLCJjb25kaXRpb24iOiJsb2dnZWRJblN0YXR1cyIsImNvbmRpdGlvblNldHRpbmdzIjp7ImRpc3BsYXlSdWxlIjoibG9nZ2VkSW4iLCJhZG1pbkxhYmVsIjoiU3RhdHV0IGRlIGNvbm5leGlvbiIsImVuYWJsZUNvbmRpdGlvbiI6Im9uIn0sIm9wZXJhdG9yIjoiT1IifSx7ImlkIjoiZjM0MWNiYmItM2QwZC00MDM2LThjYjItNzA1NGMxZTM3YjJjIiwiY29uZGl0aW9uIjoidXNlclJvbGUiLCJjb25kaXRpb25TZXR0aW5ncyI6eyJkaXNwbGF5UnVsZSI6ImlzIiwidXNlclJvbGVzIjpbeyJsYWJlbCI6IkFkbWluaXN0cmF0b3IiLCJ2YWx1ZSI6ImFkbWluaXN0cmF0b3IifSx7ImxhYmVsIjoiRWRpdG9yIiwidmFsdWUiOiJlZGl0b3IifSx7ImxhYmVsIjoiU3Vic2NyaWJlciIsInZhbHVlIjoic3Vic2NyaWJlciJ9XSwidXNlcklkcyI6IlVzZXIgSURzIHNlcGFyYXRlZCBieSBjb21tYXMiLCJhZG1pbkxhYmVsIjoiUsO0bGUgZCYjMDM5O3V0aWxpc2F0ZXVyIiwiZW5hYmxlQ29uZGl0aW9uIjoib24ifSwib3BlcmF0b3IiOiJPUiJ9XQ==&#8221; custom_margin=&#8221;|11vw|3vh|11vw|false|true&#8221; custom_padding=&#8221;8px||8px|8px|true|false&#8221; link_option_url=&#8221;\/asbbo?action=logout&#038;_wpnonce=1ab777ac3b&#8221; border_width_all=&#8221;4px&#8221; border_color_all=&#8221;#FFFFFF&#8221; border_width_top=&#8221;1px&#8221; border_color_top=&#8221;#FFFFFF&#8221; border_width_right=&#8221;1px&#8221; border_color_right=&#8221;#FFFFFF&#8221; border_width_bottom=&#8221;1px&#8221; border_color_bottom=&#8221;#FFFFFF&#8221; border_width_left=&#8221;8px&#8221; border_color_left=&#8221;#a31515&#8243; box_shadow_style=&#8221;preset3&#8243; locked=&#8221;off&#8221; global_colors_info=&#8221;{%22gcid-dd7eda48-7de5-4247-b606-6a6783a180ac%22:%91%22background_color__hover%22,%22background_color__hover%22%93}&#8221; border_width_left__hover_enabled=&#8221;on|desktop&#8221; border_width_left__hover=&#8221;28px&#8221;]<\/p>\n<p>\u2192 Se d\u00e9connecter<\/p>\n<p>[\/et_pb_text][\/et_pb_column][\/et_pb_row][\/et_pb_section]<\/p>\n","protected":false},"excerpt":{"rendered":"<p>Acc\u00e8s r\u00e9serv\u00e9. Veuillez vous authentifier<div class='fluentform ff-default fluentform_wrapper_6 ffs_modern_l_wrap'><form data-form_id=\"6\" id=\"fluentform_6\" class=\"frm-fluent-form fluent_form_6 ff-el-form-top ff_form_instance_6_2 ff-form-loading ffs_modern_l\" data-form_instance=\"ff_form_instance_6_2\" method=\"POST\" action=\"\" ><fieldset  style=\"border: none!important;margin: 0!important;padding: 0!important;background-color: transparent!important;box-shadow: none!important;outline: none!important; min-inline-size: 100%;\">\n                    <legend class=\"ff_screen_reader_title\" style=\"display: block; margin: 0!important;padding: 0!important;height: 0!important;text-indent: -999999px;width: 0!important;overflow:hidden;\">Login Form<\/legend><input type='hidden' name='__fluent_form_embded_post_id' value='344634' \/><input type=\"hidden\" id=\"_fluentform_6_fluentformnonce\" name=\"_fluentform_6_fluentformnonce\" value=\"ba4f1d84cb\" \/><input type=\"hidden\" name=\"_wp_http_referer\" value=\"\/ar\/wp-json\/wp\/v2\/pages\/344634\" \/><div class='ff-el-group'><div class=\"ff-el-input--label ff-el-is-required asterisk-right\"><label for='ff_6_2_email' id='label_ff_6_2_email' aria-label=\"E-mail\">E-mail<\/label><\/div><div class='ff-el-input--content'><input type=\"email\" name=\"email\" id=\"ff_6_2_email\" class=\"ff-el-form-control\" placeholder=\"Votre adresse Email\" data-name=\"email\" tabindex=\"4\"  aria-invalid=\"false\" aria-required=\"true\"><\/div><\/div><div class='ff-el-group'><div class=\"ff-el-input--label ff-el-is-required asterisk-right\"><label for='ff_6_2_password' id='label_ff_6_2_password' aria-label=\"Mot de passe\">Mot de passe<\/label><\/div><div class='ff-el-input--content'><input type=\"password\" name=\"password\" id=\"ff_6_2_password\" class=\"ff-el-form-control\" placeholder=\"Votre mot de passe\" data-name=\"password\" tabindex=\"5\"  aria-invalid=\"false\" aria-required=\"true\"><\/div><\/div><div class='ff-el-group' ><div class='ff-el-input--content'><div data-fluent_id='6' name='g-recaptcha-response'><div\n\t\tdata-sitekey='6LeY5zsrAAAAAGd_qVlvYgcFlr04fwcs6OKbB394'\n\t\tid='fluentform-recaptcha-6-2'\n\t\tclass='ff-el-recaptcha g-recaptcha'\n\t\tdata-callback='fluentFormrecaptchaSuccessCallback'><\/div><\/div><\/div><\/div><div class='ff-el-group ff-text-left ff_submit_btn_wrapper'><button type=\"submit\" class=\"ff-btn ff-btn-submit ff-btn-md ff_btn_style wpf_has_custom_css\" tabindex=\"6\"  aria-label=\"Validez votre acc\u00e8s\">Validez votre acc\u00e8s<\/button><\/div><\/fieldset><input type=\"hidden\" name=\"trp-form-language\" value=\"ar\"\/><\/form><div id='fluentform_6_errors' class='ff-errors-in-stack ff_form_instance_6_2 ff-form-loading_errors ff_form_instance_6_2_errors'><\/div><\/div>            <script type=\"text\/javascript\">\n                window.fluent_form_ff_form_instance_6_2 = {\"id\":\"6\",\"ajaxUrl\":\"https:\\\/\\\/plateforme-dja-bernoussi.org\\\/wp-admin\\\/admin-ajax.php\",\"settings\":{\"layout\":{\"labelPlacement\":\"top\",\"asteriskPlacement\":\"asterisk-right\",\"helpMessagePlacement\":\"with_label\",\"errorMessagePlacement\":\"inline\",\"cssClassName\":\"\"},\"restrictions\":{\"denyEmptySubmission\":{\"enabled\":false}}},\"form_instance\":\"ff_form_instance_6_2\",\"form_id_selector\":\"fluentform_6\",\"rules\":{\"email\":{\"required\":{\"value\":true,\"message\":\"Ce champs est requis\",\"global_message\":\"Ce champs est requis\",\"global\":true},\"email\":{\"value\":true,\"message\":\"Ce champs doit contenir un email valide\",\"global_message\":\"Ce champs doit contenir un email valide\",\"global\":true}},\"password\":{\"required\":{\"value\":true,\"message\":\"Ce champs est requis\",\"global_message\":\"Ce champs est requis\",\"global\":true}}},\"debounce_time\":300};\n                            <\/script>\n            Vous \u00eates d\u00e9j\u00e0 connect\u00e9(e) en tant que {}Que voulez-vous faire\u00a0 ?Voir la Liste des inscriptions\u2192 Se d\u00e9connecter<\/p>","protected":false},"author":1,"featured_media":0,"parent":325788,"menu_order":0,"comment_status":"closed","ping_status":"closed","template":"","meta":{"_et_pb_use_builder":"on","_et_pb_old_content":"","_et_gb_content_width":"","footnotes":""},"class_list":["post-344634","page","type-page","status-publish","hentry"],"_links":{"self":[{"href":"https:\/\/plateforme-dja-bernoussi.org\/ar\/wp-json\/wp\/v2\/pages\/344634","targetHints":{"allow":["GET"]}}],"collection":[{"href":"https:\/\/plateforme-dja-bernoussi.org\/ar\/wp-json\/wp\/v2\/pages"}],"about":[{"href":"https:\/\/plateforme-dja-bernoussi.org\/ar\/wp-json\/wp\/v2\/types\/page"}],"author":[{"embeddable":true,"href":"https:\/\/plateforme-dja-bernoussi.org\/ar\/wp-json\/wp\/v2\/users\/1"}],"replies":[{"embeddable":true,"href":"https:\/\/plateforme-dja-bernoussi.org\/ar\/wp-json\/wp\/v2\/comments?post=344634"}],"version-history":[{"count":0,"href":"https:\/\/plateforme-dja-bernoussi.org\/ar\/wp-json\/wp\/v2\/pages\/344634\/revisions"}],"up":[{"embeddable":true,"href":"https:\/\/plateforme-dja-bernoussi.org\/ar\/wp-json\/wp\/v2\/pages\/325788"}],"wp:attachment":[{"href":"https:\/\/plateforme-dja-bernoussi.org\/ar\/wp-json\/wp\/v2\/media?parent=344634"}],"curies":[{"name":"wp","href":"https:\/\/api.w.org\/{rel}","templated":true}]}}