{"id":344652,"date":"2025-05-27T14:15:59","date_gmt":"2025-05-27T13:15:59","guid":{"rendered":"https:\/\/plateforme-dja-bernoussi.org\/?page_id=344652"},"modified":"2026-02-27T19:41:12","modified_gmt":"2026-02-27T19:41:12","slug":"employabilite","status":"publish","type":"page","link":"https:\/\/plateforme-dja-bernoussi.org\/ar\/axes\/employabilite\/","title":{"rendered":"\u0627\u0644\u0642\u0627\u0628\u0644\u064a\u0629 \u0644\u0644\u062a\u0648\u0638\u064a\u0641"},"content":{"rendered":"<p>[et_pb_section fb_built=&#8221;1&#8243; admin_label=&#8221;\u00e0-Considerer-02&#8243; _builder_version=&#8221;4.27.4&#8243; _module_preset=&#8221;default&#8221; background_color=&#8221;gcid-fc0087e2-f330-4d24-8289-99d0edd3f0fd&#8221; custom_padding=&#8221;0px||0px||true|false&#8221; background_last_edited=&#8221;on|desktop&#8221; use_background_color_gradient_tablet=&#8221;on&#8221; background_color_gradient_stops_tablet=&#8221;#f4f5f7 50%|#ffffff 100%|rgba(208,112,114,0.51) 100%|rgba(191,91,4,0.5) 100%|rgba(244, 245, 247, 1) 100%&#8221; locked=&#8221;off&#8221; collapsed=&#8221;off&#8221; global_colors_info=&#8221;{%22gcid-945a92b6-7465-4c13-ba21-357c7904acac%22:%91%22background_color_gradient_stops%22%93,%22gcid-fc0087e2-f330-4d24-8289-99d0edd3f0fd%22:%91%22background_color%22%93}&#8221;][et_pb_row column_structure=&#8221;1_4,3_4&#8243; make_equal=&#8221;on&#8221; _builder_version=&#8221;4.27.6&#8243; _module_preset=&#8221;b5a38f3e-bbb3-4f69-9482-b810f0be1047&#8243; max_height=&#8221;380px&#8221; custom_margin=&#8221;||||false|false&#8221; hover_enabled=&#8221;0&#8243; global_colors_info=&#8221;{}&#8221; sticky_enabled=&#8221;0&#8243;][et_pb_column type=&#8221;1_4&#8243; module_class=&#8221;vertical-align&#8221; _builder_version=&#8221;4.27.4&#8243; _module_preset=&#8221;default&#8221; global_colors_info=&#8221;{}&#8221;][dipl_rotating_text text=&#8221;Plateforme des jeunes Al Amal -Sidi Bernoussi-&#8221; use_image=&#8221;on&#8221; image=&#8221;https:\/\/plateforme-dja-bernoussi.org\/wp-content\/uploads\/Icon-Amal-2-Rond.webp&#8221; circle_size=&#8221;190px&#8221; circle_animation_speed=&#8221;28000ms&#8221; image_icon_size=&#8221;130px&#8221; image_icon_custom_padding=&#8221;0px|0px|0px|0px|on|on&#8221; _builder_version=&#8221;4.27.5&#8243; _module_preset=&#8221;default&#8221; text_font=&#8221;|||on|||||&#8221; text_font_size=&#8221;15px&#8221; module_alignment=&#8221;center&#8221; custom_css_main_element=&#8221;display: flex;||justify-content: center;||align-items: center;||margin: 0 auto;&#8221; locked=&#8221;off&#8221; global_colors_info=&#8221;{}&#8221;][\/dipl_rotating_text][\/et_pb_column][et_pb_column type=&#8221;3_4&#8243; module_class=&#8221;vertical-align&#8221; _builder_version=&#8221;4.27.6&#8243; _module_preset=&#8221;default&#8221; custom_padding_tablet=&#8221;||1vh||false|false&#8221; custom_padding_last_edited=&#8221;off|desktop&#8221; hover_enabled=&#8221;0&#8243; global_colors_info=&#8221;{}&#8221; custom_css_main_element_last_edited=&#8221;on|phone&#8221; sticky_enabled=&#8221;0&#8243; custom_css_main_element_tablet=&#8221;margin-top:18vh;&#8221; custom_css_main_element_phone=&#8221;margin-top:18vh;&#8221;][et_pb_text _builder_version=&#8221;4.27.5&#8243; _module_preset=&#8221;default&#8221; text_font=&#8221;||||||||&#8221; text_text_color=&#8221;gcid-06dcfd06-67b3-4454-bb8e-1ef4aa7e02f9&#8243; text_font_size=&#8221;57px&#8221; text_line_height=&#8221;1.3em&#8221; text_orientation=&#8221;center&#8221; custom_margin=&#8221;-13vh||0px||false|false&#8221; custom_margin_tablet=&#8221;-19vh||||false|false&#8221; custom_margin_phone=&#8221;-25vh||||false|false&#8221; custom_margin_last_edited=&#8221;on|phone&#8221; custom_padding=&#8221;||||false|false&#8221; text_font_size_tablet=&#8221;48px&#8221; text_font_size_phone=&#8221;36px&#8221; text_font_size_last_edited=&#8221;on|phone&#8221; text_line_height_last_edited=&#8221;off|phone&#8221; global_colors_info=&#8221;{%22gcid-06dcfd06-67b3-4454-bb8e-1ef4aa7e02f9%22:%91%22text_text_color%22%93}&#8221; text_line_height__hover_enabled=&#8221;off|desktop&#8221;]<\/p>\n<p>Axe Employabilit\u00e9<\/p>\n<p>[\/et_pb_text][dipl_separator line_type=&#8221;double&#8221; use_with=&#8221;icon&#8221; separator_color=&#8221;rgba(0,0,0,0.2)&#8221; font_icon=&#8221;&#xf091;||fa||900&#8243; icon_color=&#8221;gcid-06dcfd06-67b3-4454-bb8e-1ef4aa7e02f9&#8243; use_icon_font_size=&#8221;on&#8221; _builder_version=&#8221;4.27.5&#8243; _module_preset=&#8221;default&#8221; module_alignment=&#8221;center&#8221; custom_margin=&#8221;0px||0px||true|false&#8221; custom_padding=&#8221;10px||10px||true|false&#8221; global_colors_info=&#8221;{%22gcid-06dcfd06-67b3-4454-bb8e-1ef4aa7e02f9%22:%91%22icon_color%22%93}&#8221;][\/dipl_separator][\/et_pb_column][\/et_pb_row][et_pb_row _builder_version=&#8221;4.27.4&#8243; _module_preset=&#8221;9a17723b-3ba7-4eec-8185-952156db7dce&#8221; custom_margin_tablet=&#8221;-18vh||||false|false&#8221; custom_margin_last_edited=&#8221;off|phone&#8221; custom_padding=&#8221;0px||||false|false&#8221; global_colors_info=&#8221;{}&#8221;][et_pb_column type=&#8221;4_4&#8243; _builder_version=&#8221;4.27.4&#8243; _module_preset=&#8221;default&#8221; global_colors_info=&#8221;{}&#8221;][et_pb_blurb title=&#8221;Objectifs du programme&#8221; use_icon=&#8221;on&#8221; font_icon=&#8221;&#xe0f5;||divi||400&#8243; icon_color=&#8221;gcid-06dcfd06-67b3-4454-bb8e-1ef4aa7e02f9&#8243; icon_placement=&#8221;left&#8221; content_max_width=&#8221;100%&#8221; _builder_version=&#8221;4.27.5&#8243; _module_preset=&#8221;default&#8221; header_text_color=&#8221;gcid-06dcfd06-67b3-4454-bb8e-1ef4aa7e02f9&#8243; header_font_size=&#8221;22px&#8221; body_font_size=&#8221;17px&#8221; custom_margin=&#8221;||0px||false|false&#8221; custom_padding=&#8221;2vh|2vw|2vh|2vw|true|true&#8221; global_colors_info=&#8221;{%22gcid-06dcfd06-67b3-4454-bb8e-1ef4aa7e02f9%22:%91%22icon_color%22,%22header_text_color%22%93}&#8221;]<\/p>\n<ul>\n<li>Int\u00e9grer les jeunes dans le march\u00e9 de l\u2019emploi<\/li>\n<li>D\u00e9velopper leur parcours professionnel et renforcer leur autonomie<\/li>\n<\/ul>\n<p>[\/et_pb_blurb][et_pb_blurb title=&#8221;Public cible&#8221; use_icon=&#8221;on&#8221; font_icon=&#8221;&#xf500;||fa||900&#8243; icon_color=&#8221;gcid-06dcfd06-67b3-4454-bb8e-1ef4aa7e02f9&#8243; icon_placement=&#8221;left&#8221; content_max_width=&#8221;100%&#8221; _builder_version=&#8221;4.27.5&#8243; _module_preset=&#8221;default&#8221; header_text_color=&#8221;gcid-06dcfd06-67b3-4454-bb8e-1ef4aa7e02f9&#8243; header_font_size=&#8221;22px&#8221; body_font_size=&#8221;17px&#8221; custom_margin=&#8221;||0px||false|false&#8221; custom_padding=&#8221;2vh|2vw|2vh|2vw|true|true&#8221; global_colors_info=&#8221;{%22gcid-06dcfd06-67b3-4454-bb8e-1ef4aa7e02f9%22:%91%22icon_color%22,%22header_text_color%22%93,%22gcid-b995eb9c-0940-4a79-bcad-68073e3940c6%22:%91%22header_text_color%22%93}&#8221;]<\/p>\n<ul>\n<li>Jeunes r\u00e9sidant dans la pr\u00e9fecture d\u2019arrondissements de Sidi Bernoussi<\/li>\n<li>Jeunes r\u00e9pondant aux crit\u00e8res d\u2019\u00e9ligibilit\u00e9 fix\u00e9s par le programme<\/li>\n<li>Demandeurs d\u2019emploi actifs, inscrits ou non \u00e0 l\u2019ANAPEC<\/li>\n<\/ul>\n<p>[\/et_pb_blurb][et_pb_blurb title=&#8221;Services propos\u00e9s&#8221; use_icon=&#8221;on&#8221; font_icon=&#8221;&#xf7d9;||fa||900&#8243; icon_color=&#8221;gcid-06dcfd06-67b3-4454-bb8e-1ef4aa7e02f9&#8243; icon_placement=&#8221;left&#8221; content_max_width=&#8221;100%&#8221; _builder_version=&#8221;4.27.5&#8243; _module_preset=&#8221;default&#8221; header_text_color=&#8221;gcid-06dcfd06-67b3-4454-bb8e-1ef4aa7e02f9&#8243; header_font_size=&#8221;22px&#8221; body_font_size=&#8221;17px&#8221; custom_margin=&#8221;||0px||false|false&#8221; custom_padding=&#8221;2vh|2vw|2vh|2vw|true|true&#8221; global_colors_info=&#8221;{%22gcid-06dcfd06-67b3-4454-bb8e-1ef4aa7e02f9%22:%91%22icon_color%22,%22header_text_color%22%93}&#8221;]<\/p>\n<ul>\n<li><strong>Ateliers d\u2019introduction au march\u00e9 du travail<\/strong><br \/>(Connaissance des secteurs porteurs, techniques de recherche d\u2019emploi, r\u00e9daction de CV, simulation d\u2019entretien, etc.)<\/li>\n<li><strong>Ateliers sur les Soft Skills (comp\u00e9tences comportementales)<\/strong><br \/>(Communication professionnelle, gestion du stress, travail en \u00e9quipe, leadership, posture professionnelle, etc.)<\/li>\n<li><strong>Sessions de Pitch et valorisation du profil<\/strong><br \/>(Formation \u00e0 la pr\u00e9sentation orale, structuration d\u2019un pitch professionnel, mise en valeur du parcours et des comp\u00e9tences face aux recruteurs ou partenaires.)<\/li>\n<li><strong>Mise en relation avec les entreprises partenaires<\/strong><br \/>(Orientation vers des opportunit\u00e9s de stage, d\u2019emploi ou d\u2019immersion professionnelle.)<\/li>\n<\/ul>\n<p>[\/et_pb_blurb][\/et_pb_column][\/et_pb_row][\/et_pb_section]<\/p>\n","protected":false},"excerpt":{"rendered":"<p><div class=\"et_pb_module dipl_rotating_text dipl_rotating_text_0\">\n\t\t\t\t\n\t\t\t\t\n\t\t\t\t\n\t\t\t\t\n\t\t\t\t\n\t\t\t\t\n\t\t\t\t<div class=\"et_pb_module_inner\">\n\t\t\t\t\t<div class=\"dipl-rotating-text-wrap\">\n\t\t\t\t<p class=\"dipl-rotating-text-inner\">Plateforme des jeunes Al Amal -Sidi Bernoussi-<\/p>\n\t\t\t\t<div class=\"dipl_rotating_text_icon_wrapper\"><img decoding=\"async\" src=\"https:\/\/plateforme-dja-bernoussi.org\/wp-content\/uploads\/Icon-Amal-2-Rond.webp\" alt=\"\" srcset=\"https:\/\/plateforme-dja-bernoussi.org\/wp-content\/uploads\/Icon-Amal-2-Rond.webp 170w, https:\/\/plateforme-dja-bernoussi.org\/wp-content\/uploads\/Icon-Amal-2-Rond-150x150.webp 150w, https:\/\/plateforme-dja-bernoussi.org\/wp-content\/uploads\/Icon-Amal-2-Rond-12x12.webp 12w\" sizes=\"(max-width: 170px) 100vw, 170px\" class=\"dipl-rotating-text-img\" \/><\/div>\n\t\t\t<\/div>\n\t\t\t\t<\/div>\n\t\t\t<\/div>Axe Employabilit\u00e9<div class=\"et_pb_module dipl_separator dipl_separator_0\">\n\t\t\t\t\n\t\t\t\t\n\t\t\t\t\n\t\t\t\t\n\t\t\t\t\n\t\t\t\t\n\t\t\t\t<div class=\"et_pb_module_inner\">\n\t\t\t\t\t<div class=\"dipl_separator_container align_center\">\n\t\t\t\t\t\t\t\t\t<div class=\"dipl_line dipl_line_before\"><\/div>\n\t\t\t\t\t\t\t\t\t\t\n\t\t\t\t\t\t\t\t\t\t<div class=\"dipl-icon-wrapper\"><span class=\"et-pb-icon \">&#xf091;<\/span><\/div>\n\t\t\t\t\t\t\t\t\t\t\n\t\t\t\t\t\t\t\t\t<div class=\"dipl_line dipl_line_after\"><\/div>\n\t\t\t\t\t\t\t\t<\/div>\n\t\t\t\t<\/div>\n\t\t\t<\/div> Int\u00e9grer les jeunes dans le march\u00e9 de l\u2019emploi D\u00e9velopper leur parcours professionnel et renforcer leur [&hellip;]<\/p>\n","protected":false},"author":1,"featured_media":0,"parent":325779,"menu_order":0,"comment_status":"closed","ping_status":"closed","template":"","meta":{"_et_pb_use_builder":"on","_et_pb_old_content":"","_et_gb_content_width":"","footnotes":""},"class_list":["post-344652","page","type-page","status-publish","hentry"],"_links":{"self":[{"href":"https:\/\/plateforme-dja-bernoussi.org\/ar\/wp-json\/wp\/v2\/pages\/344652","targetHints":{"allow":["GET"]}}],"collection":[{"href":"https:\/\/plateforme-dja-bernoussi.org\/ar\/wp-json\/wp\/v2\/pages"}],"about":[{"href":"https:\/\/plateforme-dja-bernoussi.org\/ar\/wp-json\/wp\/v2\/types\/page"}],"author":[{"embeddable":true,"href":"https:\/\/plateforme-dja-bernoussi.org\/ar\/wp-json\/wp\/v2\/users\/1"}],"replies":[{"embeddable":true,"href":"https:\/\/plateforme-dja-bernoussi.org\/ar\/wp-json\/wp\/v2\/comments?post=344652"}],"version-history":[{"count":0,"href":"https:\/\/plateforme-dja-bernoussi.org\/ar\/wp-json\/wp\/v2\/pages\/344652\/revisions"}],"up":[{"embeddable":true,"href":"https:\/\/plateforme-dja-bernoussi.org\/ar\/wp-json\/wp\/v2\/pages\/325779"}],"wp:attachment":[{"href":"https:\/\/plateforme-dja-bernoussi.org\/ar\/wp-json\/wp\/v2\/media?parent=344652"}],"curies":[{"name":"wp","href":"https:\/\/api.w.org\/{rel}","templated":true}]}}