{"id":344655,"date":"2025-05-27T14:21:31","date_gmt":"2025-05-27T13:21:31","guid":{"rendered":"https:\/\/plateforme-dja-bernoussi.org\/?page_id=344655"},"modified":"2026-03-02T04:00:06","modified_gmt":"2026-03-02T04:00:06","slug":"entrepreneuriat","status":"publish","type":"page","link":"https:\/\/plateforme-dja-bernoussi.org\/ar\/axes\/entrepreneuriat\/","title":{"rendered":"Entrepreneuriat"},"content":{"rendered":"<p>[et_pb_section fb_built=&#8221;1&#8243; admin_label=&#8221;\u00e0-Considerer-02&#8243; _builder_version=&#8221;4.27.4&#8243; _module_preset=&#8221;default&#8221; background_color=&#8221;gcid-fc0087e2-f330-4d24-8289-99d0edd3f0fd&#8221; custom_padding=&#8221;0px||0px||true|false&#8221; background_last_edited=&#8221;on|desktop&#8221; use_background_color_gradient_tablet=&#8221;on&#8221; background_color_gradient_stops_tablet=&#8221;#f4f5f7 50%|#ffffff 100%|rgba(208,112,114,0.51) 100%|rgba(191,91,4,0.5) 100%|rgba(244, 245, 247, 1) 100%&#8221; locked=&#8221;off&#8221; collapsed=&#8221;off&#8221; global_colors_info=&#8221;{%22gcid-945a92b6-7465-4c13-ba21-357c7904acac%22:%91%22background_color_gradient_stops%22%93,%22gcid-fc0087e2-f330-4d24-8289-99d0edd3f0fd%22:%91%22background_color%22%93}&#8221;][et_pb_row column_structure=&#8221;1_4,3_4&#8243; make_equal=&#8221;on&#8221; _builder_version=&#8221;4.27.6&#8243; _module_preset=&#8221;b5a38f3e-bbb3-4f69-9482-b810f0be1047&#8243; max_height=&#8221;380px&#8221; custom_margin=&#8221;||||false|false&#8221; global_colors_info=&#8221;{}&#8221;][et_pb_column type=&#8221;1_4&#8243; module_class=&#8221;vertical-align&#8221; _builder_version=&#8221;4.27.4&#8243; _module_preset=&#8221;default&#8221; global_colors_info=&#8221;{}&#8221;][dipl_rotating_text text=&#8221;Plateforme des jeunes Al Amal -Sidi Bernoussi-&#8221; use_image=&#8221;on&#8221; image=&#8221;https:\/\/plateforme-dja-bernoussi.org\/wp-content\/uploads\/Icon-Amal-2-Rond.webp&#8221; circle_size=&#8221;190px&#8221; circle_animation_speed=&#8221;28000ms&#8221; image_icon_size=&#8221;130px&#8221; image_icon_custom_padding=&#8221;0px|0px|0px|0px|on|on&#8221; _builder_version=&#8221;4.27.5&#8243; _module_preset=&#8221;default&#8221; text_font=&#8221;|||on|||||&#8221; text_font_size=&#8221;15px&#8221; module_alignment=&#8221;center&#8221; custom_css_main_element=&#8221;display: flex;||justify-content: center;||align-items: center;||margin: 0 auto;&#8221; locked=&#8221;off&#8221; global_colors_info=&#8221;{}&#8221;][\/dipl_rotating_text][\/et_pb_column][et_pb_column type=&#8221;3_4&#8243; module_class=&#8221;vertical-align&#8221; _builder_version=&#8221;4.27.6&#8243; _module_preset=&#8221;default&#8221; custom_padding_tablet=&#8221;||1vh||false|false&#8221; custom_padding_last_edited=&#8221;off|desktop&#8221; global_colors_info=&#8221;{}&#8221; custom_css_main_element_last_edited=&#8221;on|phone&#8221; custom_css_main_element_tablet=&#8221;margin-top:18vh;&#8221; custom_css_main_element_phone=&#8221;margin-top:18vh;&#8221;][et_pb_text _builder_version=&#8221;4.27.5&#8243; _module_preset=&#8221;default&#8221; text_font=&#8221;||||||||&#8221; text_text_color=&#8221;gcid-06dcfd06-67b3-4454-bb8e-1ef4aa7e02f9&#8243; text_font_size=&#8221;57px&#8221; text_line_height=&#8221;1.3em&#8221; text_orientation=&#8221;center&#8221; custom_margin=&#8221;-13vh||0px||false|false&#8221; custom_margin_tablet=&#8221;-19vh||||false|false&#8221; custom_margin_phone=&#8221;-25vh||||false|false&#8221; custom_margin_last_edited=&#8221;on|phone&#8221; custom_padding=&#8221;||||false|false&#8221; text_font_size_tablet=&#8221;48px&#8221; text_font_size_phone=&#8221;36px&#8221; text_font_size_last_edited=&#8221;on|phone&#8221; text_line_height_last_edited=&#8221;off|phone&#8221; global_colors_info=&#8221;{%22gcid-06dcfd06-67b3-4454-bb8e-1ef4aa7e02f9%22:%91%22text_text_color%22%93}&#8221; text_line_height__hover_enabled=&#8221;off|desktop&#8221;]<\/p>\n<p>Axe Entreprenariat<\/p>\n<p>[\/et_pb_text][dipl_separator line_type=&#8221;double&#8221; use_with=&#8221;icon&#8221; separator_color=&#8221;rgba(0,0,0,0.2)&#8221; font_icon=&#8221;&#xf091;||fa||900&#8243; icon_color=&#8221;gcid-06dcfd06-67b3-4454-bb8e-1ef4aa7e02f9&#8243; use_icon_font_size=&#8221;on&#8221; _builder_version=&#8221;4.27.5&#8243; _module_preset=&#8221;default&#8221; module_alignment=&#8221;center&#8221; custom_margin=&#8221;0px||0px||true|false&#8221; custom_padding=&#8221;10px||10px||true|false&#8221; global_colors_info=&#8221;{%22gcid-06dcfd06-67b3-4454-bb8e-1ef4aa7e02f9%22:%91%22icon_color%22%93}&#8221;][\/dipl_separator][\/et_pb_column][\/et_pb_row][et_pb_row _builder_version=&#8221;4.27.4&#8243; _module_preset=&#8221;9a17723b-3ba7-4eec-8185-952156db7dce&#8221; custom_margin_tablet=&#8221;-18vh||||false|false&#8221; custom_margin_last_edited=&#8221;off|phone&#8221; custom_padding=&#8221;0px||||false|false&#8221; global_colors_info=&#8221;{}&#8221;][et_pb_column type=&#8221;4_4&#8243; _builder_version=&#8221;4.27.4&#8243; _module_preset=&#8221;default&#8221; global_colors_info=&#8221;{}&#8221;][et_pb_text _builder_version=&#8221;4.27.4&#8243; _module_preset=&#8221;default&#8221; text_font_size=&#8221;17px&#8221; global_colors_info=&#8221;{}&#8221;]<\/p>\n<p>L&#8217;appui \u00e0 l&#8217;entrepreunariat chez les jeunes vise \u00e0 promouvoir et d\u00e9velopper la culture de l&#8217;entrepreunariat chez les jeunes et encourager les concours d&#8217;id\u00e9es dans les secteurs porteurs et ce \u00e0 travers:<\/p>\n<ul>\n<li>L&#8217;appui \u00e0 la cr\u00e9ation d&#8217;une nouvelle g\u00e9n\u00e9ration de projets g\u00e9n\u00e9rateurs de revenu notamment des petites et tr\u00e8s petites entreprises.<\/li>\n<li>La mise en oeuvre d&#8217;une offre d&#8217;appui couvrant de fa\u00e7on homog\u00e8ne et continue tout le processus d&#8217;appui \u00e0 l&#8217;entrepreunariat (appui pr\u00e9 et post cr\u00e9ation)<\/li>\n<\/ul>\n<p>[\/et_pb_text][et_pb_blurb title=&#8221;Accompagnement pr\u00e9-cr\u00e9ation&#8221; use_icon=&#8221;on&#8221; font_icon=&#8221;&#xf560;||fa||900&#8243; icon_color=&#8221;gcid-06dcfd06-67b3-4454-bb8e-1ef4aa7e02f9&#8243; icon_placement=&#8221;left&#8221; content_max_width=&#8221;100%&#8221; _builder_version=&#8221;4.27.5&#8243; _module_preset=&#8221;default&#8221; header_text_color=&#8221;gcid-06dcfd06-67b3-4454-bb8e-1ef4aa7e02f9&#8243; header_font_size=&#8221;22px&#8221; body_font_size=&#8221;17px&#8221; custom_padding=&#8221;2vh|2vw|2vh|2vw|true|true&#8221; global_colors_info=&#8221;{%22gcid-06dcfd06-67b3-4454-bb8e-1ef4aa7e02f9%22:%91%22icon_color%22,%22header_text_color%22%93}&#8221;]<\/p>\n<p>Apr\u00e8s \u00e9tude des meilleures id\u00e9es de projets, le prestataire proc\u00e9dera \u00e0 l&#8217;organisation des sessions \u00e0 plein temps de renforcement, d&#8217;orientation et de profilage des porteurs de projet pendant une semaine ou deux par des consultants experts en accompagnement entrepreneurial mobilis\u00e9s par le prestataire.<\/p>\n<p>[\/et_pb_blurb][et_pb_blurb title=&#8221;Accompagnement post-cr\u00e9ation&#8221; use_icon=&#8221;on&#8221; font_icon=&#8221;&#xf560;||fa||900&#8243; icon_color=&#8221;gcid-2db2fbf8-9e80-48a9-a625-2c27605c6340&#8243; icon_placement=&#8221;left&#8221; content_max_width=&#8221;100%&#8221; _builder_version=&#8221;4.27.5&#8243; _module_preset=&#8221;default&#8221; header_text_color=&#8221;gcid-2db2fbf8-9e80-48a9-a625-2c27605c6340&#8243; header_font_size=&#8221;22px&#8221; body_font_size=&#8221;17px&#8221; custom_padding=&#8221;2vh|2vw|2vh|2vw|true|true&#8221; global_colors_info=&#8221;{%22gcid-2db2fbf8-9e80-48a9-a625-2c27605c6340%22:%91%22icon_color%22,%22header_text_color%22%93}&#8221;]<\/p>\n<p>L&#8217;accompagnement post-cr\u00e9ation se fera \u00e0 travers un parcours de coaching incluant des formations pratiques et un accompagnement individuel et en groupe, y compris sur le terrain (lieu de l&#8217;entreprise), qui soit adapt\u00e9 aux besoins, convenu entre le prestataire et le b\u00e9n\u00e9ficiaire, sur la base d&#8217;une \u00e9valuation initiale.<\/p>\n<p>Il couvrira en priorit\u00e9 les comp\u00e9tences de gestion essentielles \u00e0 la bonne conduite du projet, \u00e0 savoir le gestion financi\u00e8re, la gestion de la tr\u00e9sorerie, le marketing, le d\u00e9marchage d&#8217;opportunit\u00e9s d&#8217;affaires, la commercialisation et l&#8217;accompagnement \u00e0 la conduite des formalit\u00e9s administratives, ainsi que les aptitudes comportementales (soft-skills). Le prestataire pourra \u00e9galement proposer des modules d&#8217;acoompagnement en groupe pour le partage d&#8217;exp\u00e9rience et de networking.<\/p>\n<p>[\/et_pb_blurb][\/et_pb_column][\/et_pb_row][\/et_pb_section]<\/p>\n","protected":false},"excerpt":{"rendered":"<p><div class=\"et_pb_module dipl_rotating_text dipl_rotating_text_0\">\n\t\t\t\t\n\t\t\t\t\n\t\t\t\t\n\t\t\t\t\n\t\t\t\t\n\t\t\t\t\n\t\t\t\t<div class=\"et_pb_module_inner\">\n\t\t\t\t\t<div class=\"dipl-rotating-text-wrap\">\n\t\t\t\t<p class=\"dipl-rotating-text-inner\">Plateforme des jeunes Al Amal -Sidi Bernoussi-<\/p>\n\t\t\t\t<div class=\"dipl_rotating_text_icon_wrapper\"><img decoding=\"async\" src=\"https:\/\/plateforme-dja-bernoussi.org\/wp-content\/uploads\/Icon-Amal-2-Rond.webp\" alt=\"\" srcset=\"https:\/\/plateforme-dja-bernoussi.org\/wp-content\/uploads\/Icon-Amal-2-Rond.webp 170w, https:\/\/plateforme-dja-bernoussi.org\/wp-content\/uploads\/Icon-Amal-2-Rond-150x150.webp 150w, https:\/\/plateforme-dja-bernoussi.org\/wp-content\/uploads\/Icon-Amal-2-Rond-12x12.webp 12w\" sizes=\"(max-width: 170px) 100vw, 170px\" class=\"dipl-rotating-text-img\" \/><\/div>\n\t\t\t<\/div>\n\t\t\t\t<\/div>\n\t\t\t<\/div>Axe Entreprenariat<div class=\"et_pb_module dipl_separator dipl_separator_0\">\n\t\t\t\t\n\t\t\t\t\n\t\t\t\t\n\t\t\t\t\n\t\t\t\t\n\t\t\t\t\n\t\t\t\t<div class=\"et_pb_module_inner\">\n\t\t\t\t\t<div class=\"dipl_separator_container align_center\">\n\t\t\t\t\t\t\t\t\t<div class=\"dipl_line dipl_line_before\"><\/div>\n\t\t\t\t\t\t\t\t\t\t\n\t\t\t\t\t\t\t\t\t\t<div class=\"dipl-icon-wrapper\"><span class=\"et-pb-icon \">&#xf091;<\/span><\/div>\n\t\t\t\t\t\t\t\t\t\t\n\t\t\t\t\t\t\t\t\t<div class=\"dipl_line dipl_line_after\"><\/div>\n\t\t\t\t\t\t\t\t<\/div>\n\t\t\t\t<\/div>\n\t\t\t<\/div>L&#8217;appui \u00e0 l&#8217;entrepreunariat chez les jeunes vise \u00e0 promouvoir et d\u00e9velopper la culture de l&#8217;entrepreunariat chez [&hellip;]<\/p>\n","protected":false},"author":1,"featured_media":0,"parent":325779,"menu_order":0,"comment_status":"closed","ping_status":"closed","template":"","meta":{"_et_pb_use_builder":"on","_et_pb_old_content":"","_et_gb_content_width":"","footnotes":""},"class_list":["post-344655","page","type-page","status-publish","hentry"],"_links":{"self":[{"href":"https:\/\/plateforme-dja-bernoussi.org\/ar\/wp-json\/wp\/v2\/pages\/344655","targetHints":{"allow":["GET"]}}],"collection":[{"href":"https:\/\/plateforme-dja-bernoussi.org\/ar\/wp-json\/wp\/v2\/pages"}],"about":[{"href":"https:\/\/plateforme-dja-bernoussi.org\/ar\/wp-json\/wp\/v2\/types\/page"}],"author":[{"embeddable":true,"href":"https:\/\/plateforme-dja-bernoussi.org\/ar\/wp-json\/wp\/v2\/users\/1"}],"replies":[{"embeddable":true,"href":"https:\/\/plateforme-dja-bernoussi.org\/ar\/wp-json\/wp\/v2\/comments?post=344655"}],"version-history":[{"count":0,"href":"https:\/\/plateforme-dja-bernoussi.org\/ar\/wp-json\/wp\/v2\/pages\/344655\/revisions"}],"up":[{"embeddable":true,"href":"https:\/\/plateforme-dja-bernoussi.org\/ar\/wp-json\/wp\/v2\/pages\/325779"}],"wp:attachment":[{"href":"https:\/\/plateforme-dja-bernoussi.org\/ar\/wp-json\/wp\/v2\/media?parent=344655"}],"curies":[{"name":"wp","href":"https:\/\/api.w.org\/{rel}","templated":true}]}}